{"id":326,"date":"2020-06-17T10:21:18","date_gmt":"2020-06-17T09:21:18","guid":{"rendered":"https:\/\/evaramon.cat\/?page_id=326"},"modified":"2020-09-28T10:19:26","modified_gmt":"2020-09-28T09:19:26","slug":"contacte","status":"publish","type":"page","link":"https:\/\/evaramon.cat\/ca\/contacte\/","title":{"rendered":"Contacte"},"content":{"rendered":"<div class=\"wpb-content-wrapper\"><p>[vc_row css_animation=&#8221;&#8221; row_type=&#8221;row&#8221; use_row_as_full_screen_section=&#8221;no&#8221; type=&#8221;grid&#8221; angled_section=&#8221;no&#8221; text_align=&#8221;left&#8221; background_image_as_pattern=&#8221;without_pattern&#8221; z_index=&#8221;&#8221; el_class=&#8221;cabeceracontacto&#8221;][vc_column width=&#8221;1\/3&#8243;][vc_raw_html]JTNDZGl2JTIwY2xhc3MlM0QlMjJjdWFkcm9jb250YWN0byUyMiUzRSUwQSUzQ2gxJTNFRGFkZXMlMjBkZSUyMGNvbnRhY3RlJTNDJTJGaDElM0UlMEElM0NkaXYlMjBjbGFzcyUzRCUyMmVzcGFjaW8zMCUyMiUzRSUzQyUyRmRpdiUzRSUwQSUzQ3AlM0UlM0NiJTNFQWRyZSVDMyVBN2ElM0ElM0MlMkZiJTNFJTIwUGwuJTIwU2FudCUyMEpvYW4lMjAxMCUyQyUyMDQlQzIlQkElMjAxJUMyJUFBJTIwJTNDYnIlMjAlMkYlM0UyNTAwNyUyMExsZWlkYSUzQyUyRnAlM0UlMEElM0NiciUyMCUyRiUzRSUwQSUzQ3AlM0UlM0NiJTNFVGVsJUMzJUE4Zm9uJTNBJTNDJTJGYiUzRSUyMCUzQ2ElMjBocmVmJTNEJTIydGVsJTNBOTczMjM3NDkzJTIyJTNFJTIwOTczJTIwMjMlMjA3NCUyMDkzJTNDJTJGYSUzRSUzQyUyRnAlM0UlMEElM0NiciUyMCUyRiUzRSUwQSUzQ3AlM0UlM0NiJTNFRW1haWwlM0ElM0MlMkZiJTNFJTIwJTNDYSUyMGhyZWYlM0QlMjJtYWlsdG8lM0FsYWJvcmFsJTQwZXZhcmFtb24uY2F0JTIyJTNFJTIwbGFib3JhbCU0MGV2YXJhbW9uLmNhdCUzQyUyRmElM0UlM0MlMkZwJTNFJTBBJTNDYnIlMjAlMkYlM0UlMEElM0NwJTNFJTNDYiUzRUhvcmFyaSUzQSUzQyUyRmIlM0UlMjBkZSUyMDklM0EwMGglMjBhJTIwMTQlM0EwMGglMjBkZSUyMGRpbGx1bnMlMjBhJTIwZGl2ZW5kcmVzJTNDYnIlMjAlMkYlM0UlMEElM0NiJTNFVGFyZGFzJTNBJTIwdmlzaXRlcyUyMGNvbmNlcnRhZGVzJTNDJTJGYiUzRSUzQyUyRnAlM0UlMEElM0NiciUyMCUyRiUzRSUwQSUzQyUyRmRpdiUzRSUwQQ==[\/vc_raw_html][\/vc_column][vc_column width=&#8221;2\/3&#8243; el_class=&#8221;paddingformulario&#8221;][vc_column_text]<\/p>\n<h2 class=\"azulmarino\">Contacte amb nosaltres sense comprom\u00eds!<\/h2>\n<div class=\"espaio30\"><\/div>\n<p>Envia&#8217;ns un formulari amb les teves dades, i ens posarem en contacte amb tu el m\u00e9s aviat possible[\/vc_column_text][vc_empty_space height=&#8221;30px&#8221;]\n<div class=\"wpcf7 no-js\" id=\"wpcf7-f79-o1\" lang=\"es-ES\" dir=\"ltr\">\n<div class=\"screen-reader-response\"><p role=\"status\" aria-live=\"polite\" aria-atomic=\"true\"><\/p> <ul><\/ul><\/div>\n<form action=\"\/ca\/wp-json\/wp\/v2\/pages\/326#wpcf7-f79-o1\" method=\"post\" class=\"wpcf7-form init cf7_custom_style_1\" aria-label=\"Formulario de contacto\" novalidate=\"novalidate\" data-status=\"init\">\n<div style=\"display: none;\">\n<input type=\"hidden\" name=\"_wpcf7\" value=\"79\" \/>\n<input type=\"hidden\" name=\"_wpcf7_version\" value=\"5.9.8\" \/>\n<input type=\"hidden\" name=\"_wpcf7_locale\" value=\"es_ES\" \/>\n<input type=\"hidden\" name=\"_wpcf7_unit_tag\" value=\"wpcf7-f79-o1\" \/>\n<input type=\"hidden\" name=\"_wpcf7_container_post\" value=\"0\" \/>\n<input type=\"hidden\" name=\"_wpcf7_posted_data_hash\" value=\"\" \/>\n<input type=\"hidden\" name=\"_wpcf7_recaptcha_response\" value=\"\" \/>\n<\/div>\n<div id=\"responsive-form\" class=\"clearfix\">\n\t<div class=\"form-row\">\n\t\t<div class=\"column-half\">\n\t\t\t<p><span class=\"wpcf7-form-control-wrap\" data-name=\"first-name\"><input size=\"40\" maxlength=\"400\" class=\"wpcf7-form-control wpcf7-text wpcf7-validates-as-required\" aria-required=\"true\" aria-invalid=\"false\" placeholder=\"Nom (obligatori)\" value=\"\" type=\"text\" name=\"first-name\" \/><\/span>\n\t\t\t<\/p>\n\t\t<\/div>\n\t\t<div class=\"column-half\">\n\t\t\t<p><span class=\"wpcf7-form-control-wrap\" data-name=\"last-name\"><input size=\"40\" maxlength=\"400\" class=\"wpcf7-form-control wpcf7-text\" aria-invalid=\"false\" placeholder=\"Empresa\" value=\"\" type=\"text\" name=\"last-name\" \/><\/span>\n\t\t\t<\/p>\n\t\t<\/div>\n\t<\/div>\n\t<div class=\"form-row\">\n\t\t<div class=\"column-half\">\n\t\t\t<p><span class=\"wpcf7-form-control-wrap\" data-name=\"your-email\"><input size=\"40\" maxlength=\"400\" class=\"wpcf7-form-control wpcf7-email wpcf7-validates-as-required wpcf7-text wpcf7-validates-as-email\" aria-required=\"true\" aria-invalid=\"false\" placeholder=\"Email (obligatori)\" value=\"\" type=\"email\" name=\"your-email\" \/><\/span>\n\t\t\t<\/p>\n\t\t<\/div>\n\t\t<div class=\"column-half\">\n\t\t\t<p><span class=\"wpcf7-form-control-wrap\" data-name=\"your-phone\"><input size=\"40\" maxlength=\"400\" class=\"wpcf7-form-control wpcf7-text wpcf7-validates-as-required\" aria-required=\"true\" aria-invalid=\"false\" placeholder=\"Tel\u00e8fon (obligatori)\" value=\"\" type=\"text\" name=\"your-phone\" \/><\/span>\n\t\t\t<\/p>\n\t\t<\/div>\n\t<\/div>\n\t<div class=\"form-row\">\n\t\t<div class=\"column-full\">\n\t\t\t<p><span class=\"wpcf7-form-control-wrap\" data-name=\"your-activity\"><input size=\"40\" maxlength=\"400\" class=\"wpcf7-form-control wpcf7-text\" aria-invalid=\"false\" placeholder=\"Sobre quin servei vols m\u00e9s informaci\u00f3?\" value=\"\" type=\"text\" name=\"your-activity\" \/><\/span>\n\t\t\t<\/p>\n\t\t<\/div>\n\t<\/div>\n\t<div class=\"form-row\">\n\t\t<div class=\"column-full\">\n\t\t\t<p><span class=\"wpcf7-form-control-wrap\" data-name=\"your-message\"><textarea cols=\"40\" rows=\"10\" maxlength=\"2000\" class=\"wpcf7-form-control wpcf7-textarea\" aria-invalid=\"false\" placeholder=\"En qu\u00e9 et podem ayudar?\" name=\"your-message\"><\/textarea><\/span>\n\t\t\t<\/p>\n\t\t<\/div>\n\t<\/div>\n\t<div class=\"form-row\">\n\t\t<div class=\"column-full gdpr\">\n\t\t\t<p><span class=\"wpcf7-form-control-wrap\" data-name=\"acceptance-407\"><span class=\"wpcf7-form-control wpcf7-acceptance\"><span class=\"wpcf7-list-item\"><input type=\"checkbox\" name=\"acceptance-407\" value=\"1\" aria-invalid=\"false\" \/><\/span><\/span><\/span> He llegit i accepto la <a class=\"azulmarino\" href=\"https:\/\/evaramon.cat\/politica-de-privacidad\/\" target=\"_blank\">pol\u00edtica de privacitat i textos legals<\/a>\n\t\t\t<\/p>\n\t\t<\/div>\n\t<\/div>\n\t<div class=\"form-row\">\n\t\t<div class=\"column-full\">\n\t\t\t<p><input class=\"wpcf7-form-control wpcf7-submit has-spinner\" type=\"submit\" value=\"Enviar\" \/>\n\t\t\t<\/p>\n\t\t<\/div>\n\t<\/div>\n<\/div><!--end responsive-form--><div class=\"wpcf7-response-output\" aria-hidden=\"true\"><\/div>\n<\/form>\n<\/div>\n[\/vc_column][\/vc_row][vc_row css_animation=&#8221;&#8221; row_type=&#8221;row&#8221; use_row_as_full_screen_section=&#8221;no&#8221; type=&#8221;full_width&#8221; angled_section=&#8221;no&#8221; text_align=&#8221;left&#8221; background_image_as_pattern=&#8221;without_pattern&#8221; z_index=&#8221;-1&#8243;][vc_column][vc_raw_html]JTNDaWZyYW1lJTIwc3JjJTNEJTIyaHR0cHMlM0ElMkYlMkZ3d3cuZ29vZ2xlLmNvbSUyRm1hcHMlMkZlbWJlZCUzRnBiJTNEJTIxMW0xOCUyMTFtMTIlMjExbTMlMjExZDI5ODIuODM0NTc0Mjc1MDg1JTIxMmQwLjYyNTAwMjkxNjQ0NjY5NjUlMjEzZDQxLjYxNjA4ODc3OTI0NDA5JTIxMm0zJTIxMWYwJTIxMmYwJTIxM2YwJTIxM20yJTIxMWkxMDI0JTIxMmk3NjglMjE0ZjEzLjElMjEzbTMlMjExbTIlMjExczB4MTJhNmUwNjkxYjhkNjcwYiUyNTNBMHg5Yjk1YzViMWQxNWI0NGRiJTIxMnNQbGElMjVDMyUyNUE3YSUyNTIwZGUlMjUyMFNhbnQlMjUyMEpvYW4lMjUyQyUyNTIwMTAlMjUyQyUyNTIwMjUwMDclMjUyMExsZWlkYSUyMTVlMCUyMTNtMiUyMTFzZXMlMjEyc2VzJTIxNHYxNTg5MjczNTQ5MzY0JTIxNW0yJTIxMXNlcyUyMTJzZXMlMjIlMjB3aWR0aCUzRCUyMjEwMCUyNSUyMiUyMGhlaWdodCUzRCUyMjYwMCUyMiUyMGZyYW1lYm9yZGVyJTNEJTIyMCUyMiUyMHN0eWxlJTNEJTIyYm9yZGVyJTNBMCUzQiUyMiUyMGFsbG93ZnVsbHNjcmVlbiUzRCUyMiUyMiUyMGFyaWEtaGlkZGVuJTNEJTIyZmFsc2UlMjIlMjB0YWJpbmRleCUzRCUyMjAlMjIlM0UlM0MlMkZpZnJhbWUlM0U=[\/vc_raw_html][\/vc_column][\/vc_row]<\/p>\n<\/div>","protected":false},"excerpt":{"rendered":"<p>[vc_row css_animation=&#8221;&#8221; row_type=&#8221;row&#8221; use_row_as_full_screen_section=&#8221;no&#8221; type=&#8221;grid&#8221; angled_section=&#8221;no&#8221; text_align=&#8221;left&#8221; background_image_as_pattern=&#8221;without_pattern&#8221; z_index=&#8221;&#8221; el_class=&#8221;cabeceracontacto&#8221;][vc_column width=&#8221;1\/3&#8243;][vc_raw_html]JTNDZGl2JTIwY2xhc3MlM0QlMjJjdWFkcm9jb250YWN0byUyMiUzRSUwQSUzQ2gxJTNFRGFkZXMlMjBkZSUyMGNvbnRhY3RlJTNDJTJGaDElM0UlMEElM0NkaXYlMjBjbGFzcyUzRCUyMmVzcGFjaW8zMCUyMiUzRSUzQyUyRmRpdiUzRSUwQSUzQ3AlM0UlM0NiJTNFQWRyZSVDMyVBN2ElM0ElM0MlMkZiJTNFJTIwUGwuJTIwU2FudCUyMEpvYW4lMjAxMCUyQyUyMDQlQzIlQkElMjAxJUMyJUFBJTIwJTNDYnIlMjAlMkYlM0UyNTAwNyUyMExsZWlkYSUzQyUyRnAlM0UlMEElM0NiciUyMCUyRiUzRSUwQSUzQ3AlM0UlM0NiJTNFVGVsJUMzJUE4Zm9uJTNBJTNDJTJGYiUzRSUyMCUzQ2ElMjBocmVmJTNEJTIydGVsJTNBOTczMjM3NDkzJTIyJTNFJTIwOTczJTIwMjMlMjA3NCUyMDkzJTNDJTJGYSUzRSUzQyUyRnAlM0UlMEElM0NiciUyMCUyRiUzRSUwQSUzQ3AlM0UlM0NiJTNFRW1haWwlM0ElM0MlMkZiJTNFJTIwJTNDYSUyMGhyZWYlM0QlMjJtYWlsdG8lM0FsYWJvcmFsJTQwZXZhcmFtb24uY2F0JTIyJTNFJTIwbGFib3JhbCU0MGV2YXJhbW9uLmNhdCUzQyUyRmElM0UlM0MlMkZwJTNFJTBBJTNDYnIlMjAlMkYlM0UlMEElM0NwJTNFJTNDYiUzRUhvcmFyaSUzQSUzQyUyRmIlM0UlMjBkZSUyMDklM0EwMGglMjBhJTIwMTQlM0EwMGglMjBkZSUyMGRpbGx1bnMlMjBhJTIwZGl2ZW5kcmVzJTNDYnIlMjAlMkYlM0UlMEElM0NiJTNFVGFyZGFzJTNBJTIwdmlzaXRlcyUyMGNvbmNlcnRhZGVzJTNDJTJGYiUzRSUzQyUyRnAlM0UlMEElM0NiciUyMCUyRiUzRSUwQSUzQyUyRmRpdiUzRSUwQQ==[\/vc_raw_html][\/vc_column][vc_column width=&#8221;2\/3&#8243; el_class=&#8221;paddingformulario&#8221;][vc_column_text] Contacte amb nosaltres sense comprom\u00eds! Envia&#8217;ns un formulari amb les teves dades, i ens posarem en contacte amb tu el m\u00e9s aviat possible[\/vc_column_text][vc_empty_space height=&#8221;30px&#8221;][\/vc_column][\/vc_row][vc_row css_animation=&#8221;&#8221; row_type=&#8221;row&#8221; use_row_as_full_screen_section=&#8221;no&#8221; type=&#8221;full_width&#8221; angled_section=&#8221;no&#8221; text_align=&#8221;left&#8221; background_image_as_pattern=&#8221;without_pattern&#8221; z_index=&#8221;-1&#8243;][vc_column][vc_raw_html]JTNDaWZyYW1lJTIwc3JjJTNEJTIyaHR0cHMlM0ElMkYlMkZ3d3cuZ29vZ2xlLmNvbSUyRm1hcHMlMkZlbWJlZCUzRnBiJTNEJTIxMW0xOCUyMTFtMTIlMjExbTMlMjExZDI5ODIuODM0NTc0Mjc1MDg1JTIxMmQwLjYyNTAwMjkxNjQ0NjY5NjUlMjEzZDQxLjYxNjA4ODc3OTI0NDA5JTIxMm0zJTIxMWYwJTIxMmYwJTIxM2YwJTIxM20yJTIxMWkxMDI0JTIxMmk3NjglMjE0ZjEzLjElMjEzbTMlMjExbTIlMjExczB4MTJhNmUwNjkxYjhkNjcwYiUyNTNBMHg5Yjk1YzViMWQxNWI0NGRiJTIxMnNQbGElMjVDMyUyNUE3YSUyNTIwZGUlMjUyMFNhbnQlMjUyMEpvYW4lMjUyQyUyNTIwMTAlMjUyQyUyNTIwMjUwMDclMjUyMExsZWlkYSUyMTVlMCUyMTNtMiUyMTFzZXMlMjEyc2VzJTIxNHYxNTg5MjczNTQ5MzY0JTIxNW0yJTIxMXNlcyUyMTJzZXMlMjIlMjB3aWR0aCUzRCUyMjEwMCUyNSUyMiUyMGhlaWdodCUzRCUyMjYwMCUyMiUyMGZyYW1lYm9yZGVyJTNEJTIyMCUyMiUyMHN0eWxlJTNEJTIyYm9yZGVyJTNBMCUzQiUyMiUyMGFsbG93ZnVsbHNjcmVlbiUzRCUyMiUyMiUyMGFyaWEtaGlkZGVuJTNEJTIyZmFsc2UlMjIlMjB0YWJpbmRleCUzRCUyMjAlMjIlM0UlM0MlMkZpZnJhbWUlM0U=[\/vc_raw_html][\/vc_column][\/vc_row]<\/p>\n","protected":false},"author":1,"featured_media":0,"parent":0,"menu_order":0,"comment_status":"closed","ping_status":"closed","template":"full_width.php","meta":{"footnotes":""},"class_list":["post-326","page","type-page","status-publish","hentry"],"yoast_head":"<!-- This site is optimized with the Yoast SEO plugin v23.4 - https:\/\/yoast.com\/wordpress\/plugins\/seo\/ -->\n<title>Contacte Eva Ramon Despatx Laboral a Lleida |\u00a0Tel. 973 23 74 93<\/title>\n<meta name=\"description\" content=\"Contacte Eva Ramon Despatx Laboral a Lleida. Tel 973 23 74 93. Horari d&#039;atenci\u00f3 al client de dilluns a divendres de 9.00 a 14.00. \u00a1CONTACTE ARA!\" \/>\n<meta name=\"robots\" content=\"index, follow, max-snippet:-1, max-image-preview:large, max-video-preview:-1\" \/>\n<link rel=\"canonical\" href=\"https:\/\/evaramon.cat\/ca\/contacte\/\" \/>\n<meta property=\"og:locale\" content=\"ca_ES\" \/>\n<meta property=\"og:type\" content=\"article\" \/>\n<meta property=\"og:title\" content=\"Contacte Eva Ramon Despatx Laboral a Lleida |\u00a0Tel. 973 23 74 93\" \/>\n<meta property=\"og:description\" content=\"Contacte Eva Ramon Despatx Laboral a Lleida. Tel 973 23 74 93. Horari d&#039;atenci\u00f3 al client de dilluns a divendres de 9.00 a 14.00. \u00a1CONTACTE ARA!\" \/>\n<meta property=\"og:url\" content=\"https:\/\/evaramon.cat\/ca\/contacte\/\" \/>\n<meta property=\"og:site_name\" content=\"Eva Ramon { Asesor\u00eda en Lleida\" \/>\n<meta property=\"article:modified_time\" content=\"2020-09-28T09:19:26+00:00\" \/>\n<meta name=\"twitter:card\" content=\"summary_large_image\" \/>\n<meta name=\"twitter:label1\" content=\"Temps estimat de lectura\" \/>\n\t<meta name=\"twitter:data1\" content=\"1 minut\" \/>\n<script type=\"application\/ld+json\" class=\"yoast-schema-graph\">{\"@context\":\"https:\/\/schema.org\",\"@graph\":[{\"@type\":\"WebPage\",\"@id\":\"https:\/\/evaramon.cat\/ca\/contacte\/\",\"url\":\"https:\/\/evaramon.cat\/ca\/contacte\/\",\"name\":\"Contacte Eva Ramon Despatx Laboral a Lleida |\u00a0Tel. 973 23 74 93\",\"isPartOf\":{\"@id\":\"https:\/\/evaramon.cat\/ca\/#website\"},\"datePublished\":\"2020-06-17T09:21:18+00:00\",\"dateModified\":\"2020-09-28T09:19:26+00:00\",\"description\":\"Contacte Eva Ramon Despatx Laboral a Lleida. Tel 973 23 74 93. Horari d'atenci\u00f3 al client de dilluns a divendres de 9.00 a 14.00. \u00a1CONTACTE ARA!\",\"breadcrumb\":{\"@id\":\"https:\/\/evaramon.cat\/ca\/contacte\/#breadcrumb\"},\"inLanguage\":\"ca\",\"potentialAction\":[{\"@type\":\"ReadAction\",\"target\":[\"https:\/\/evaramon.cat\/ca\/contacte\/\"]}]},{\"@type\":\"BreadcrumbList\",\"@id\":\"https:\/\/evaramon.cat\/ca\/contacte\/#breadcrumb\",\"itemListElement\":[{\"@type\":\"ListItem\",\"position\":1,\"name\":\"Portada\",\"item\":\"https:\/\/evaramon.cat\/ca\/\"},{\"@type\":\"ListItem\",\"position\":2,\"name\":\"Contacte\"}]},{\"@type\":\"WebSite\",\"@id\":\"https:\/\/evaramon.cat\/ca\/#website\",\"url\":\"https:\/\/evaramon.cat\/ca\/\",\"name\":\"Eva Ramon { Asesor\u00eda en Lleida\",\"description\":\"Eva Ramon somos una asesor\u00eda laboral en Lleida. Ofrecemos servicios de asesor\u00eda legal y laboral para pymes, aut\u00f3nomos y trabajadores.\",\"potentialAction\":[{\"@type\":\"SearchAction\",\"target\":{\"@type\":\"EntryPoint\",\"urlTemplate\":\"https:\/\/evaramon.cat\/ca\/?s={search_term_string}\"},\"query-input\":{\"@type\":\"PropertyValueSpecification\",\"valueRequired\":true,\"valueName\":\"search_term_string\"}}],\"inLanguage\":\"ca\"}]}<\/script>\n<!-- \/ Yoast SEO plugin. -->","yoast_head_json":{"title":"Contacte Eva Ramon Despatx Laboral a Lleida |\u00a0Tel. 973 23 74 93","description":"Contacte Eva Ramon Despatx Laboral a Lleida. Tel 973 23 74 93. Horari d'atenci\u00f3 al client de dilluns a divendres de 9.00 a 14.00. \u00a1CONTACTE ARA!","robots":{"index":"index","follow":"follow","max-snippet":"max-snippet:-1","max-image-preview":"max-image-preview:large","max-video-preview":"max-video-preview:-1"},"canonical":"https:\/\/evaramon.cat\/ca\/contacte\/","og_locale":"ca_ES","og_type":"article","og_title":"Contacte Eva Ramon Despatx Laboral a Lleida |\u00a0Tel. 973 23 74 93","og_description":"Contacte Eva Ramon Despatx Laboral a Lleida. Tel 973 23 74 93. Horari d'atenci\u00f3 al client de dilluns a divendres de 9.00 a 14.00. \u00a1CONTACTE ARA!","og_url":"https:\/\/evaramon.cat\/ca\/contacte\/","og_site_name":"Eva Ramon { Asesor\u00eda en Lleida","article_modified_time":"2020-09-28T09:19:26+00:00","twitter_card":"summary_large_image","twitter_misc":{"Temps estimat de lectura":"1 minut"},"schema":{"@context":"https:\/\/schema.org","@graph":[{"@type":"WebPage","@id":"https:\/\/evaramon.cat\/ca\/contacte\/","url":"https:\/\/evaramon.cat\/ca\/contacte\/","name":"Contacte Eva Ramon Despatx Laboral a Lleida |\u00a0Tel. 973 23 74 93","isPartOf":{"@id":"https:\/\/evaramon.cat\/ca\/#website"},"datePublished":"2020-06-17T09:21:18+00:00","dateModified":"2020-09-28T09:19:26+00:00","description":"Contacte Eva Ramon Despatx Laboral a Lleida. Tel 973 23 74 93. Horari d'atenci\u00f3 al client de dilluns a divendres de 9.00 a 14.00. \u00a1CONTACTE ARA!","breadcrumb":{"@id":"https:\/\/evaramon.cat\/ca\/contacte\/#breadcrumb"},"inLanguage":"ca","potentialAction":[{"@type":"ReadAction","target":["https:\/\/evaramon.cat\/ca\/contacte\/"]}]},{"@type":"BreadcrumbList","@id":"https:\/\/evaramon.cat\/ca\/contacte\/#breadcrumb","itemListElement":[{"@type":"ListItem","position":1,"name":"Portada","item":"https:\/\/evaramon.cat\/ca\/"},{"@type":"ListItem","position":2,"name":"Contacte"}]},{"@type":"WebSite","@id":"https:\/\/evaramon.cat\/ca\/#website","url":"https:\/\/evaramon.cat\/ca\/","name":"Eva Ramon { Asesor\u00eda en Lleida","description":"Eva Ramon somos una asesor\u00eda laboral en Lleida. Ofrecemos servicios de asesor\u00eda legal y laboral para pymes, aut\u00f3nomos y trabajadores.","potentialAction":[{"@type":"SearchAction","target":{"@type":"EntryPoint","urlTemplate":"https:\/\/evaramon.cat\/ca\/?s={search_term_string}"},"query-input":{"@type":"PropertyValueSpecification","valueRequired":true,"valueName":"search_term_string"}}],"inLanguage":"ca"}]}},"_links":{"self":[{"href":"https:\/\/evaramon.cat\/ca\/wp-json\/wp\/v2\/pages\/326"}],"collection":[{"href":"https:\/\/evaramon.cat\/ca\/wp-json\/wp\/v2\/pages"}],"about":[{"href":"https:\/\/evaramon.cat\/ca\/wp-json\/wp\/v2\/types\/page"}],"author":[{"embeddable":true,"href":"https:\/\/evaramon.cat\/ca\/wp-json\/wp\/v2\/users\/1"}],"replies":[{"embeddable":true,"href":"https:\/\/evaramon.cat\/ca\/wp-json\/wp\/v2\/comments?post=326"}],"version-history":[{"count":5,"href":"https:\/\/evaramon.cat\/ca\/wp-json\/wp\/v2\/pages\/326\/revisions"}],"predecessor-version":[{"id":597,"href":"https:\/\/evaramon.cat\/ca\/wp-json\/wp\/v2\/pages\/326\/revisions\/597"}],"wp:attachment":[{"href":"https:\/\/evaramon.cat\/ca\/wp-json\/wp\/v2\/media?parent=326"}],"curies":[{"name":"wp","href":"https:\/\/api.w.org\/{rel}","templated":true}]}}