{"id":546,"date":"2020-05-09T16:26:38","date_gmt":"2020-05-09T16:26:38","guid":{"rendered":"https:\/\/evaramon.cat\/inicio\/"},"modified":"2020-10-01T08:09:59","modified_gmt":"2020-10-01T07:09:59","slug":"inicio","status":"publish","type":"page","link":"https:\/\/evaramon.cat\/ca\/","title":{"rendered":"Inici"},"content":{"rendered":"<div class=\"wpb-content-wrapper\"><p>[vc_row css_animation=&#8221;&#8221; row_type=&#8221;row&#8221; use_row_as_full_screen_section=&#8221;no&#8221; type=&#8221;grid&#8221; angled_section=&#8221;no&#8221; text_align=&#8221;left&#8221; background_image_as_pattern=&#8221;without_pattern&#8221; el_class=&#8221;pportadahome&#8221; css=&#8221;.vc_custom_1600622123384{background-image: url(https:\/\/evaramon.cat\/wp-content\/uploads\/2020\/09\/asesoria-en-lleida-eva-ramon.jpg?id=403) !important;}&#8221; z_index=&#8221;&#8221;][vc_column]<div class=\"qode-animation-holder element_from_fade\"><div class=\"qode-animation-holder-inner\"  style=\"-webkit-animation-delay:1s; animation-delay:1s; -webkit-transition-delay:1s; transition-delay:1s\">[vc_raw_html]JTNDZGl2JTIwY2xhc3MlM0QlMjJ0aXR1bG9wb3J0YWRhJTIyJTNFJTBBJTNDaDElM0VMJTI3YXNzZXNzb3JhbWVudCUyMGxhYm9yYWwlMjAlM0NiciUyMCUyRiUzRSUwQXF1ZSUyMHZvc3QlQzMlQTglMjBuZWNlc3NpdGElMjAlM0NiciUyMCUyRiUzRSUwQSUzQ3NwYW4lM0VhJTIwTExlaWRhJTNDJTJGc3BhbiUzRSUzQyUyRmgxJTNFJTBBJTNDaDIlM0UlM0NhJTIwaHJlZiUzRCUyMmh0dHBzJTNBJTJGJTJGZXZhcmFtb24uY2F0JTJGY2ElMkZhc3Nlc3NvcmlhLWxhYm9yYWwtYS1sbGVpZGElMkYlMjIlM0UlN0IlMjBBc3Nlc3NvcmlhJTIwcGVyJTIwYSUyMHBpbWVzJTIwaSUyMGF1dCVDMyVCMm5vbXMlMjAlN0QlM0MlMkZhJTNFJTIwJTBBJTNDYSUyMGhyZWYlM0QlMjJodHRwcyUzQSUyRiUyRmV2YXJhbW9uLmNhdCUyRmNhJTJGYXNzZXNzb3JpYS1sYWJvcmFsLXBlci10cmViYWxsYWRvcnMtYS1sbGVpZGElMkYlMjIlM0UlN0IlMjBBc3Nlc3NvciVDMyVBRGElMjBwZXIlMjB0cmViYWxsYWRvcnMlMjAlN0QlM0MlMkZhJTNFJTIwJTNDJTJGaDIlM0UlMjAlMEElM0MlMkZkaXYlM0U=[\/vc_raw_html]<\/div><\/div>[\/vc_column][\/vc_row][vc_row css_animation=&#8221;&#8221; row_type=&#8221;row&#8221; use_row_as_full_screen_section=&#8221;no&#8221; type=&#8221;grid&#8221; angled_section=&#8221;no&#8221; text_align=&#8221;left&#8221; background_image_as_pattern=&#8221;without_pattern&#8221; el_class=&#8221;pfondoletragrande&#8221; z_index=&#8221;&#8221; background_image=&#8221;542&#8243;][vc_column]<div class=\"qode-animation-holder element_from_fade\"><div class=\"qode-animation-holder-inner\"  style=\"-webkit-animation-delay:0.8s; animation-delay:0.8s; -webkit-transition-delay:0.8s; transition-delay:0.8s\">[vc_column_text]<\/p>\n<p class=\"textogrande\">Oferim assessorament laboral i legal orientat a petites i mitjanes empreses, aut\u00f2noms i particulars de la prov\u00edncia de Lleida i voltants. D\u2019una forma transparent i propera.<\/p>\n<div class=\"espacio30\"><\/div>\n<p><span class=\"firma\">Eva Ramon {<\/span>[\/vc_column_text]<\/div><\/div>[\/vc_column][\/vc_row][vc_row css_animation=&#8221;&#8221; row_type=&#8221;row&#8221; use_row_as_full_screen_section=&#8221;no&#8221; type=&#8221;grid&#8221; angled_section=&#8221;no&#8221; text_align=&#8221;left&#8221; background_image_as_pattern=&#8221;without_pattern&#8221; z_index=&#8221;&#8221; el_class=&#8221;paddingsecciones&#8221;][vc_column width=&#8221;1\/3&#8243;]<div class=\"qode-animation-holder element_from_fade\"><div class=\"qode-animation-holder-inner\"  style=\"-webkit-animation-delay:0.8s; animation-delay:0.8s; -webkit-transition-delay:0.8s; transition-delay:0.8s\">[vc_raw_html]JTNDZGl2JTIwY2xhc3MlM0QlMjJjdWFkcm9zZXJ2aWNpbyUyMiUzRSUwQSUzQ2gzJTNFQXNzZXNzb3JhbWVudCUyMGxhYm9yYWwlMjBwZXIlMjBlbXByZXNlcyUyMGklMjBhdXQlQzMlQjJub21zJTNDJTJGaDMlM0UlMEElM0NkaXYlMjBjbGFzcyUzRCUyMmVzcGFjaW8zMCUyMiUzRSUzQyUyRmRpdiUzRSUwQSUzQ2g0JTNFU2VydmVpJTIwZGUlMjBnZXN0aSVDMyVCMyUyMGFkbWluaXN0cmF0aXZhJTIwcGVyJTIwYSUyMGVtcHJlc2VzJTIwaSUyMGF1dCVDMyVCMm5vbXMlMjBhJTIwTGxlaWRhJTNDJTJGaDQlM0UlMEElM0MlMkZkaXYlM0UlMEE=[\/vc_raw_html]<\/div><\/div>[\/vc_column][vc_column width=&#8221;2\/3&#8243; el_class=&#8221;textoservicio&#8221;]<div class=\"qode-animation-holder element_from_fade\"><div class=\"qode-animation-holder-inner\"  style=\"-webkit-animation-delay:1s; animation-delay:1s; -webkit-transition-delay:1s; transition-delay:1s\">[vc_column_text]A Eva Ramon treballem al costat dels nostres clients en el seu dia a dia, ajudant-los a cr\u00e9ixer.<\/p>\n<p>&nbsp;<\/p>\n<p>La nostra filosofia professional \u00e9s<strong> acompanyar<\/strong>, als nostres clients, en la <strong>gesti\u00f3 administrativa de les seves empreses en l\u2019\u00e0mbit laboral<\/strong>. Ens esforcem en con\u00e8ixer-los, per poder oferir el que cadascun necessita, amb un objectiu clar, complir tots els requisits legals i normatius vigents en cada moment en mat\u00e8ria laboral.<\/p>\n<p>&nbsp;<\/p>\n<p>La seva confian\u00e7a, \u00e9s la nostra premissa, <strong>l\u2019honestedat \u00e9s el segell del nostre assessorament<\/strong>, \u00e9s la base de la nostra relaci\u00f3 professional.[\/vc_column_text][vc_empty_space height=&#8221;30px&#8221;]<a  itemprop=\"url\" href=\"https:\/\/evaramon.cat\/ca\/assessoria-laboral-a-lleida\/\" target=\"_self\" data-hover-background-color='#112e40' data-hover-border-color='#112e40' data-hover-color='#ffffff' class=\"qbutton  left default\" style=\"color: #112e40; border-color: #112e40; border-radius: 0px;-moz-border-radius: 0px;-webkit-border-radius: 0px; background-color: #ffffff;\">Saber m\u00e9s<\/a><\/div><\/div>[\/vc_column][\/vc_row][vc_row css_animation=&#8221;&#8221; row_type=&#8221;row&#8221; use_row_as_full_screen_section=&#8221;no&#8221; type=&#8221;full_width&#8221; angled_section=&#8221;no&#8221; text_align=&#8221;left&#8221; background_image_as_pattern=&#8221;without_pattern&#8221; z_index=&#8221;&#8221; background_image=&#8221;234&#8243;][vc_column]<div class=\"qode-animation-holder element_from_fade\"><div class=\"qode-animation-holder-inner\"  style=\"-webkit-animation-delay:0.8s; animation-delay:0.8s; -webkit-transition-delay:0.8s; transition-delay:0.8s\">[vc_raw_html]JTNDZGl2JTIwY2xhc3MlM0QlMjJ0aXR1bG9wYXJhbGxheCUyMiUzRSUwQSUzQ2g1JTNFJTdCJTIwQWNvbXBhbnllbSUyMGElMjBwaW1lcyUyMGklMjBhdXQlQzMlQjJub21zJTNDYnIlMjAlMkYlM0UlMEFlbiUyMGVsJTIwc2V1JTIwZGlhJTIwYSUyMGRpYSUyMCU3RCUzQyUyRmg1JTNFJTBBJTNDJTJGZGl2JTNF[\/vc_raw_html]<\/div><\/div>[\/vc_column][\/vc_row][vc_row css_animation=&#8221;&#8221; row_type=&#8221;row&#8221; use_row_as_full_screen_section=&#8221;no&#8221; type=&#8221;grid&#8221; angled_section=&#8221;no&#8221; text_align=&#8221;left&#8221; background_image_as_pattern=&#8221;without_pattern&#8221; z_index=&#8221;&#8221; el_class=&#8221;paddingsecciones&#8221;][vc_column width=&#8221;2\/3&#8243; el_class=&#8221;textoservicio&#8221;]<div class=\"qode-animation-holder element_from_fade\"><div class=\"qode-animation-holder-inner\"  style=\"-webkit-animation-delay:0.8s; animation-delay:0.8s; -webkit-transition-delay:0.8s; transition-delay:0.8s\">[vc_column_text]<strong>Eva Ramon<\/strong> com a advocada laboralista, l&#8217;assistir\u00e0 i representar\u00e0 en qualsevol tipus de procediment judicial davant la <strong>Jurisdicci\u00f3 Laboral<\/strong>.<\/p>\n<p>&nbsp;<\/p>\n<p>Procediments ordinaris declaratius, Reclamaci\u00f3 de Quantitat, Acomiadaments, sancions, Tutela de drets fonamentals, Vacances, Mobilitat geogr\u00e0fica, modificacions substancials de les condicions de treball, Accidents de Treball, Rec\u00e0rrec de Prestacions per falta de mesures de seguretat.[\/vc_column_text][vc_empty_space height=&#8221;30px&#8221;]<a  itemprop=\"url\" href=\"https:\/\/evaramon.cat\/ca\/assessoria-legal-a-lleida\/\" target=\"_self\" data-hover-background-color='#112e40' data-hover-border-color='#112e40' data-hover-color='#ffffff' class=\"qbutton  left default\" style=\"color: #112e40; border-color: #112e40; border-radius: 0px;-moz-border-radius: 0px;-webkit-border-radius: 0px; background-color: #ffffff;\">Saber m\u00e9s<\/a>[vc_empty_space height=&#8221;30px&#8221;]<\/div><\/div>[\/vc_column][vc_column width=&#8221;1\/3&#8243;]<div class=\"qode-animation-holder element_from_fade\"><div class=\"qode-animation-holder-inner\"  style=\"-webkit-animation-delay:1s; animation-delay:1s; -webkit-transition-delay:1s; transition-delay:1s\">[vc_raw_html]JTNDZGl2JTIwY2xhc3MlM0QlMjJjdWFkcm9zZXJ2aWNpbyUyMiUzRSUwQSUzQ2gzJTNFQXNzZXNzb3JhbWVudCUyMGp1ciVDMyVBRGRpYyUyMGxhYm9yYWwlMjBwZXIlMjBhJTIwZW1wcmVzZXMlMjBpJTIwYXV0JUMzJUIybm9tcyUzQyUyRmgzJTNFJTBBJTNDZGl2JTIwY2xhc3MlM0QlMjJlc3BhY2lvMzAlMjIlM0UlM0MlMkZkaXYlM0UlMEElM0NoNCUzRVNlcnZlaSUyMGQlMjdhc3Nlc3NvcmFtZW50JTIwbGVnYWwlMkMlMjBhc3Npc3QlQzMlQThuY2lhJTIwaSUyMHJlcHJlc2VudGFjaSVDMyVCMyUyMHBlciUyMGElMjBwcm9jZWRpbWVudHMlMjBqdWRpY2lhbHMlM0MlMkZoNCUzRSUwQSUzQyUyRmRpdiUzRSUwQQ==[\/vc_raw_html]<\/div><\/div>[\/vc_column][\/vc_row][vc_row css_animation=&#8221;&#8221; row_type=&#8221;row&#8221; use_row_as_full_screen_section=&#8221;no&#8221; type=&#8221;grid&#8221; angled_section=&#8221;no&#8221; text_align=&#8221;left&#8221; background_image_as_pattern=&#8221;without_pattern&#8221; z_index=&#8221;&#8221; background_color=&#8221;#f8f3e9&#8243;][vc_column]<div class=\"qode-animation-holder element_from_fade\"><div class=\"qode-animation-holder-inner\"  style=\"-webkit-animation-delay:0.8s; animation-delay:0.8s; -webkit-transition-delay:0.8s; transition-delay:0.8s\">[vc_raw_html]JTNDZGl2JTIwY2xhc3MlM0QlMjJjdGFob21lJTIyJTNFJTBBJTNDaDUlM0VOZWNlc3NpdGVzJTIwdW5hJTIwYWR2b2NhZGElMjBsYWJvcmFsaXN0YSUyMGElMjBMbGVpZGElM0YlM0MlMkZoNSUzRSUwQSUzQ2RpdiUyMGNsYXNzJTNEJTIyZXNwYWNpbzMwJTIyJTNFJTNDJTJGZGl2JTNFJTBBJTNDaDYlM0VEZXMlMjBkZSUyMGxhJTIwbm9zdHJhJTIwYXNzZXNzb3JpYSUyMGxlZ2FsJTIwYSUyMExsZWlkYSUyQyUyMGR1ZW0lMjBhJTIwdGVybWUlMjBsYSUyMGRlZmVuc2ElMjBsZWdhbCUyMHBlciUyMHByb2Nlc3NvcyUyMGRlJTIwY29uY2lsaWFjaSVDMyVCMyUyMGxhYm9yYWwlMkMlMjByZWNsYW1hY2lvbnMlMjBwciVDMyVBOHZpZXMlMjBkYXZhbnQlMjBsJUUyJTgwJTk5YWRtaW5pc3RyYWNpJUMzJUIzJTJDJTIwZGVtYW5kZXMlMjBwZXIlMjBhY29taWFkYW1lbnRzJTIwaSUyMHNhbmNpb25zJTJDJTIwZGVtYW5kZXMlMjBkZSUyMHJlY2xhbWFjaSVDMyVCMyUyMGRlJTIwcXVhbnRpdGF0JTJDJTIwaW5jYXBhY2l0YXRzJTJDJTIwZXRjLiUyMCUzQyUyRmg2JTNFJTBBJTNDZGl2JTIwY2xhc3MlM0QlMjJlc3BhY2lvMzAlMjIlM0UlM0MlMkZkaXYlM0UlMEElM0NhJTIwY2xhc3MlM0QlMjJib3RvbmN0YSUyMiUyMGhyZWYlM0QlMjJtYWlsdG8lM0FsYWJvcmFsJTQwZXZhcmFtb24uY2F0JTIyJTNFQ29uY2VydGFyJTIwdmlzaXRhJTNDJTJGYSUzRSUyMCUzQ2ElMjBjbGFzcyUzRCUyMmJvdG9uY3RhJTIyJTIwaHJlZiUzRCUyMnRlbCUzQTk3MzIzNzQ5MyUyMiUzRVRydWNhciUyMGFyYSUzQyUyRmElM0UlMEElM0MlMkZkaXYlM0U=[\/vc_raw_html]<\/div><\/div>[\/vc_column][\/vc_row][vc_row css_animation=&#8221;&#8221; row_type=&#8221;row&#8221; use_row_as_full_screen_section=&#8221;no&#8221; type=&#8221;grid&#8221; angled_section=&#8221;no&#8221; text_align=&#8221;left&#8221; background_image_as_pattern=&#8221;without_pattern&#8221; z_index=&#8221;&#8221; el_class=&#8221;paddingsecciones&#8221;][vc_column width=&#8221;1\/3&#8243;]<div class=\"qode-animation-holder element_from_fade\"><div class=\"qode-animation-holder-inner\"  style=\"-webkit-animation-delay:0.8s; animation-delay:0.8s; -webkit-transition-delay:0.8s; transition-delay:0.8s\">[vc_raw_html]JTNDZGl2JTIwY2xhc3MlM0QlMjJjdWFkcm9zZXJ2aWNpbyUyMiUzRSUwQSUzQ2gzJTNFQXNzZXNzb3JhbWVudCUyMGxhYm9yYWwlMjBwZXIlMjB0cmViYWxsYWRvcnMlMkZlcyUzQyUyRmgzJTNFJTBBJTNDZGl2JTIwY2xhc3MlM0QlMjJlc3BhY2lvMzAlMjIlM0UlM0MlMkZkaXYlM0UlMEElM0NoNCUzRUFzc2Vzc29yYW1lbnQlMjBwZXJzb25hbGl0emF0JTIwcGVyJTIwYSUyMHRyZWJhbGxhZG9ycyUyMGRlJTIwdG90cyUyMGVscyUyMHNlY3RvcnMuJTNDJTJGaDQlM0UlMEElM0MlMkZkaXYlM0UlMEE=[\/vc_raw_html]<\/div><\/div>[\/vc_column][vc_column width=&#8221;2\/3&#8243; el_class=&#8221;textoservicio&#8221;]<div class=\"qode-animation-holder element_from_fade\"><div class=\"qode-animation-holder-inner\"  style=\"-webkit-animation-delay:1s; animation-delay:1s; -webkit-transition-delay:1s; transition-delay:1s\">[vc_column_text]A Eva Ramon t\u2019oferim assessorament laboral perqu\u00e8 puguis prendre les decisions importants amb una gran dosis de <strong>tranquil\u00b7litat i seguretat<\/strong>.<\/p>\n<p>&nbsp;<\/p>\n<p>Com a professionals, intentarem buscar la millor proposta per les teves inquietuds laborals, amb la conciliaci\u00f3 i l\u2019acord com a premissa.<\/p>\n<p>&nbsp;<\/p>\n<p><strong>Eva Ramon<\/strong>, compta amb m\u00e9s de 30 anys d\u2019experi\u00e8ncia com assessora legal en l\u2019\u00e0mbit laboral. El nostre bagatge ens permet afrontar les situacions que ens puguis plantejar, amb seguretat i una gran dosis de realisme.[\/vc_column_text][vc_empty_space height=&#8221;30px&#8221;]<a  itemprop=\"url\" href=\"https:\/\/evaramon.cat\/ca\/assessoria-laboral-per-treballadors-a-lleida\/\" target=\"_self\" data-hover-background-color='#112e40' data-hover-border-color='#112e40' data-hover-color='#ffffff' class=\"qbutton  left default\" style=\"color: #112e40; border-color: #112e40; border-radius: 0px;-moz-border-radius: 0px;-webkit-border-radius: 0px; background-color: #ffffff;\">Saber m\u00e9s<\/a><\/div><\/div>[\/vc_column][\/vc_row]<\/p>\n<\/div>","protected":false},"excerpt":{"rendered":"<p>[vc_row css_animation=&#8221;&#8221; row_type=&#8221;row&#8221; use_row_as_full_screen_section=&#8221;no&#8221; type=&#8221;grid&#8221; angled_section=&#8221;no&#8221; text_align=&#8221;left&#8221; background_image_as_pattern=&#8221;without_pattern&#8221; el_class=&#8221;pportadahome&#8221; css=&#8221;.vc_custom_1600622123384{background-image: url(https:\/\/evaramon.cat\/wp-content\/uploads\/2020\/09\/asesoria-en-lleida-eva-ramon.jpg?id=403) !important;}&#8221; z_index=&#8221;&#8221;][vc_column][\/vc_column][\/vc_row][vc_row css_animation=&#8221;&#8221; row_type=&#8221;row&#8221; use_row_as_full_screen_section=&#8221;no&#8221; type=&#8221;grid&#8221; angled_section=&#8221;no&#8221; text_align=&#8221;left&#8221; background_image_as_pattern=&#8221;without_pattern&#8221; el_class=&#8221;pfondoletragrande&#8221; z_index=&#8221;&#8221; background_image=&#8221;542&#8243;][vc_column][\/vc_column][\/vc_row][vc_row css_animation=&#8221;&#8221; row_type=&#8221;row&#8221; use_row_as_full_screen_section=&#8221;no&#8221; type=&#8221;grid&#8221; angled_section=&#8221;no&#8221; text_align=&#8221;left&#8221; background_image_as_pattern=&#8221;without_pattern&#8221; z_index=&#8221;&#8221; el_class=&#8221;paddingsecciones&#8221;][vc_column width=&#8221;1\/3&#8243;][\/vc_column][vc_column width=&#8221;2\/3&#8243; el_class=&#8221;textoservicio&#8221;][\/vc_column][\/vc_row][vc_row css_animation=&#8221;&#8221; row_type=&#8221;row&#8221; use_row_as_full_screen_section=&#8221;no&#8221; type=&#8221;full_width&#8221; angled_section=&#8221;no&#8221; text_align=&#8221;left&#8221; background_image_as_pattern=&#8221;without_pattern&#8221; z_index=&#8221;&#8221; background_image=&#8221;234&#8243;][vc_column][\/vc_column][\/vc_row][vc_row css_animation=&#8221;&#8221;&#8230;<\/p>\n","protected":false},"author":1,"featured_media":0,"parent":0,"menu_order":0,"comment_status":"closed","ping_status":"closed","template":"full_width.php","meta":{"footnotes":""},"class_list":["post-546","page","type-page","status-publish","hentry"],"yoast_head":"<!-- This site is optimized with the Yoast SEO plugin v23.4 - https:\/\/yoast.com\/wordpress\/plugins\/seo\/ -->\n<title>Assessoria a Lleida | Laboral i Legal | Eva Ramon | Trucan&#039;s 973.237.493<\/title>\n<meta name=\"description\" content=\"Assessoria a Lleida Eva Ramon, oferim serveis d&#039;assessoria laboral i legal per empreses, aut\u00f2noms i particulares.\" \/>\n<meta name=\"robots\" content=\"index, follow, max-snippet:-1, max-image-preview:large, max-video-preview:-1\" \/>\n<link rel=\"canonical\" href=\"https:\/\/evaramon.cat\/ca\/\" \/>\n<meta property=\"og:locale\" content=\"ca_ES\" \/>\n<meta property=\"og:type\" content=\"article\" \/>\n<meta property=\"og:title\" content=\"Assessoria a Lleida | Laboral i Legal | Eva Ramon | Trucan&#039;s 973.237.493\" \/>\n<meta property=\"og:description\" content=\"Assessoria a Lleida Eva Ramon, oferim serveis d&#039;assessoria laboral i legal per empreses, aut\u00f2noms i particulares.\" \/>\n<meta property=\"og:url\" content=\"https:\/\/evaramon.cat\/ca\/\" \/>\n<meta property=\"og:site_name\" content=\"Eva Ramon { Asesor\u00eda en Lleida\" \/>\n<meta property=\"article:modified_time\" content=\"2020-10-01T07:09:59+00:00\" \/>\n<meta name=\"twitter:card\" content=\"summary_large_image\" \/>\n<meta name=\"twitter:label1\" content=\"Temps estimat de lectura\" \/>\n\t<meta name=\"twitter:data1\" content=\"6 minuts\" \/>\n<script type=\"application\/ld+json\" class=\"yoast-schema-graph\">{\"@context\":\"https:\/\/schema.org\",\"@graph\":[{\"@type\":\"WebPage\",\"@id\":\"https:\/\/evaramon.cat\/ca\/\",\"url\":\"https:\/\/evaramon.cat\/ca\/\",\"name\":\"Assessoria a Lleida | Laboral i Legal | Eva Ramon | Trucan's 973.237.493\",\"isPartOf\":{\"@id\":\"https:\/\/evaramon.cat\/ca\/#website\"},\"datePublished\":\"2020-05-09T16:26:38+00:00\",\"dateModified\":\"2020-10-01T07:09:59+00:00\",\"description\":\"Assessoria a Lleida Eva Ramon, oferim serveis d'assessoria laboral i legal per empreses, aut\u00f2noms i particulares.\",\"breadcrumb\":{\"@id\":\"https:\/\/evaramon.cat\/ca\/#breadcrumb\"},\"inLanguage\":\"ca\",\"potentialAction\":[{\"@type\":\"ReadAction\",\"target\":[\"https:\/\/evaramon.cat\/ca\/\"]}]},{\"@type\":\"BreadcrumbList\",\"@id\":\"https:\/\/evaramon.cat\/ca\/#breadcrumb\",\"itemListElement\":[{\"@type\":\"ListItem\",\"position\":1,\"name\":\"Portada\",\"item\":\"https:\/\/evaramon.cat\/ca\/\"},{\"@type\":\"ListItem\",\"position\":2,\"name\":\"Inici\"}]},{\"@type\":\"WebSite\",\"@id\":\"https:\/\/evaramon.cat\/ca\/#website\",\"url\":\"https:\/\/evaramon.cat\/ca\/\",\"name\":\"Eva Ramon { Asesor\u00eda en Lleida\",\"description\":\"Eva Ramon somos una asesor\u00eda laboral en Lleida. Ofrecemos servicios de asesor\u00eda legal y laboral para pymes, aut\u00f3nomos y trabajadores.\",\"potentialAction\":[{\"@type\":\"SearchAction\",\"target\":{\"@type\":\"EntryPoint\",\"urlTemplate\":\"https:\/\/evaramon.cat\/ca\/?s={search_term_string}\"},\"query-input\":{\"@type\":\"PropertyValueSpecification\",\"valueRequired\":true,\"valueName\":\"search_term_string\"}}],\"inLanguage\":\"ca\"}]}<\/script>\n<!-- \/ Yoast SEO plugin. -->","yoast_head_json":{"title":"Assessoria a Lleida | Laboral i Legal | Eva Ramon | Trucan's 973.237.493","description":"Assessoria a Lleida Eva Ramon, oferim serveis d'assessoria laboral i legal per empreses, aut\u00f2noms i particulares.","robots":{"index":"index","follow":"follow","max-snippet":"max-snippet:-1","max-image-preview":"max-image-preview:large","max-video-preview":"max-video-preview:-1"},"canonical":"https:\/\/evaramon.cat\/ca\/","og_locale":"ca_ES","og_type":"article","og_title":"Assessoria a Lleida | Laboral i Legal | Eva Ramon | Trucan's 973.237.493","og_description":"Assessoria a Lleida Eva Ramon, oferim serveis d'assessoria laboral i legal per empreses, aut\u00f2noms i particulares.","og_url":"https:\/\/evaramon.cat\/ca\/","og_site_name":"Eva Ramon { Asesor\u00eda en Lleida","article_modified_time":"2020-10-01T07:09:59+00:00","twitter_card":"summary_large_image","twitter_misc":{"Temps estimat de lectura":"6 minuts"},"schema":{"@context":"https:\/\/schema.org","@graph":[{"@type":"WebPage","@id":"https:\/\/evaramon.cat\/ca\/","url":"https:\/\/evaramon.cat\/ca\/","name":"Assessoria a Lleida | Laboral i Legal | Eva Ramon | Trucan's 973.237.493","isPartOf":{"@id":"https:\/\/evaramon.cat\/ca\/#website"},"datePublished":"2020-05-09T16:26:38+00:00","dateModified":"2020-10-01T07:09:59+00:00","description":"Assessoria a Lleida Eva Ramon, oferim serveis d'assessoria laboral i legal per empreses, aut\u00f2noms i particulares.","breadcrumb":{"@id":"https:\/\/evaramon.cat\/ca\/#breadcrumb"},"inLanguage":"ca","potentialAction":[{"@type":"ReadAction","target":["https:\/\/evaramon.cat\/ca\/"]}]},{"@type":"BreadcrumbList","@id":"https:\/\/evaramon.cat\/ca\/#breadcrumb","itemListElement":[{"@type":"ListItem","position":1,"name":"Portada","item":"https:\/\/evaramon.cat\/ca\/"},{"@type":"ListItem","position":2,"name":"Inici"}]},{"@type":"WebSite","@id":"https:\/\/evaramon.cat\/ca\/#website","url":"https:\/\/evaramon.cat\/ca\/","name":"Eva Ramon { Asesor\u00eda en Lleida","description":"Eva Ramon somos una asesor\u00eda laboral en Lleida. Ofrecemos servicios de asesor\u00eda legal y laboral para pymes, aut\u00f3nomos y trabajadores.","potentialAction":[{"@type":"SearchAction","target":{"@type":"EntryPoint","urlTemplate":"https:\/\/evaramon.cat\/ca\/?s={search_term_string}"},"query-input":{"@type":"PropertyValueSpecification","valueRequired":true,"valueName":"search_term_string"}}],"inLanguage":"ca"}]}},"_links":{"self":[{"href":"https:\/\/evaramon.cat\/ca\/wp-json\/wp\/v2\/pages\/546"}],"collection":[{"href":"https:\/\/evaramon.cat\/ca\/wp-json\/wp\/v2\/pages"}],"about":[{"href":"https:\/\/evaramon.cat\/ca\/wp-json\/wp\/v2\/types\/page"}],"author":[{"embeddable":true,"href":"https:\/\/evaramon.cat\/ca\/wp-json\/wp\/v2\/users\/1"}],"replies":[{"embeddable":true,"href":"https:\/\/evaramon.cat\/ca\/wp-json\/wp\/v2\/comments?post=546"}],"version-history":[{"count":15,"href":"https:\/\/evaramon.cat\/ca\/wp-json\/wp\/v2\/pages\/546\/revisions"}],"predecessor-version":[{"id":630,"href":"https:\/\/evaramon.cat\/ca\/wp-json\/wp\/v2\/pages\/546\/revisions\/630"}],"wp:attachment":[{"href":"https:\/\/evaramon.cat\/ca\/wp-json\/wp\/v2\/media?parent=546"}],"curies":[{"name":"wp","href":"https:\/\/api.w.org\/{rel}","templated":true}]}}