{"id":550,"date":"2020-05-27T17:29:11","date_gmt":"2020-05-27T17:29:11","guid":{"rendered":"https:\/\/evaramon.cat\/abogada-lleida\/"},"modified":"2020-09-29T08:07:50","modified_gmt":"2020-09-29T07:07:50","slug":"abogada-lleida","status":"publish","type":"page","link":"https:\/\/evaramon.cat\/ca\/abogada-lleida\/","title":{"rendered":"Eva Ramon"},"content":{"rendered":"<div class=\"wpb-content-wrapper\"><p>[vc_row css_animation=&#8221;&#8221; row_type=&#8221;row&#8221; use_row_as_full_screen_section=&#8221;no&#8221; type=&#8221;grid&#8221; angled_section=&#8221;no&#8221; text_align=&#8221;left&#8221; background_image_as_pattern=&#8221;without_pattern&#8221; el_class=&#8221;paddingsecciones&#8221; z_index=&#8221;&#8221;][vc_column el_class=&#8221;cuadrosobrenosotros&#8221;][qode_elements_holder number_of_columns=&#8221;two_columns&#8221;][qode_elements_holder_item advanced_animations=&#8221;no&#8221;][vc_column_text]<\/p>\n<div class=\"introsobrenosotros\">\n<h2>&#8220;La proximitat i l&#8217;efici\u00e8ncia<br \/>\ncom a premissa&#8221;<\/h2>\n<h3>Eva Ramon Despatx Laboralista fundat l&#8217;any 2013.<\/h3>\n<div class=\"espacio30\"><\/div>\n<p>El despatx obre les portes amb un objectiu clar: oferir un servei d&#8217;assessorament jur\u00eddic legal en l&#8217;\u00e0mbit laboral, proper, eficient i adaptat a les necessitats de pimes i aut\u00f2noms, i treballadors de la ciutat de Lleida i rodalies.<\/p>\n<p>Gr\u00e0cies a l&#8217;experi\u00e8ncia adquirida en el camp professional, per una traject\u00f2ria de m\u00e9s de 30 anys com a advocada, oferim un servei d&#8217;assessorament legal en l&#8217;\u00e0mbit laboral adaptat a la necessitat de cada client.<\/p>\n<\/div>\n<p>[\/vc_column_text][\/qode_elements_holder_item][qode_elements_holder_item advanced_animations=&#8221;no&#8221;][vc_single_image image=&#8221;406&#8243; img_size=&#8221;full&#8221; alignment=&#8221;right&#8221; qode_css_animation=&#8221;&#8221; el_class=&#8221;fotoeva&#8221;][vc_empty_space height=&#8221;60px&#8221;][\/qode_elements_holder_item][\/qode_elements_holder][vc_row_inner row_type=&#8221;row&#8221; type=&#8221;full_width&#8221; text_align=&#8221;left&#8221; css_animation=&#8221;&#8221; el_class=&#8221;txtsobrenosotros&#8221;][vc_column_inner el_class=&#8221;txtsobrenosotros1&#8243; width=&#8221;1\/2&#8243;][vc_column_text]El nostre equip t\u00e9 una traject\u00f2ria professional de <strong>m\u00e9s de 30 anys<\/strong> en assessorament empresarial, havent-se especialitzat en dret laboral.<\/p>\n<p>&nbsp;<\/p>\n<p>La nostra filosofia professional \u00e9s l\u2019acompanyament en la gesti\u00f3 administrativa de les seves empreses en l\u2019\u00e0mbit laboral. Ens esforcem en con\u00e8ixer-los, per poder oferir el que cadascun necessita amb un objectiu clar: <strong>complir tots els requisits legals i normatius vigents<\/strong> en cada moment en mat\u00e8ria laboral.<\/p>\n<p>&nbsp;<\/p>\n<p>La nostra <strong>atenci\u00f3 \u00e9s personalitzada<\/strong>\u00a0i no est\u00e0 basada en la dimensi\u00f3 de les empreses, sin\u00f3 en les necessitats que puguin tenir cadascuna d\u2019elles. Tenim una \u00e0mplia experi\u00e8ncia en multitud de sectors empresarials.[\/vc_column_text][\/vc_column_inner][vc_column_inner el_class=&#8221;txtsobrenosotros2&#8243; width=&#8221;1\/2&#8243;][vc_column_text]La seva confian\u00e7a \u00e9s la nostra premissa, <strong>l\u2019honestedat \u00e9s el segell del nostre assessorament<\/strong>, \u00e9s la base de la nostra relaci\u00f3 professional.<\/p>\n<p>&nbsp;<\/p>\n<p>Perqu\u00e8 les pymes s\u00f3n el motor de l\u2019economia, volem estar al seu costat. \u00c9s per aix\u00f2 que durant tots aquests anys ens hem especialitzat en la gesti\u00f3 del dia a dia.<\/p>\n<p>&nbsp;<\/p>\n<p>A Eva Ramon <em>Despatx Laboralista<\/em>, treballem amb els nostres clients en el seu dia a dia, oferint solucions d\u2019assessoria laboral que facilitaran la gesti\u00f3 de la seva empresa.<\/p>\n<p>&nbsp;<\/p>\n<p>Eva Ramon l\u2019assistir\u00e0 i representar\u00e0 en tota classe de procediments judicials davant la Jurisdicci\u00f3 Laboral.[\/vc_column_text][\/vc_column_inner][\/vc_row_inner][\/vc_column][\/vc_row][vc_row css_animation=&#8221;&#8221; row_type=&#8221;row&#8221; use_row_as_full_screen_section=&#8221;no&#8221; type=&#8221;grid&#8221; angled_section=&#8221;no&#8221; text_align=&#8221;left&#8221; background_image_as_pattern=&#8221;without_pattern&#8221; z_index=&#8221;&#8221; el_class=&#8221;paddingsecciones&#8221; background_color=&#8221;#f8f3e9&#8243;][vc_column][qode_elements_holder number_of_columns=&#8221;two_columns&#8221; columns_proportion=&#8221;33_66&#8243;][qode_elements_holder_item vertical_alignment=&#8221;middle&#8221; advanced_animations=&#8221;no&#8221;][vc_column_text]<\/p>\n<div class=\"cuadrado3\">\n<h4>Ubicats<br \/>\nal cor de Lleida<\/h4>\n<p>Els nostres despatx compta amb una ubicaci\u00f3 privilegiada en un dels edificis m\u00e9s emblem\u00e0tics de centre de l&#8217;ciutat de Lleida.<\/p>\n<\/div>\n<p>[\/vc_column_text][\/qode_elements_holder_item][qode_elements_holder_item advanced_animations=&#8221;no&#8221;][vc_single_image image=&#8221;440&#8243; img_size=&#8221;full&#8221; alignment=&#8221;center&#8221; qode_css_animation=&#8221;&#8221;][\/qode_elements_holder_item][\/qode_elements_holder][\/vc_column][\/vc_row][vc_row css_animation=&#8221;&#8221; row_type=&#8221;row&#8221; use_row_as_full_screen_section=&#8221;no&#8221; type=&#8221;full_width&#8221; angled_section=&#8221;no&#8221; text_align=&#8221;left&#8221; background_image_as_pattern=&#8221;without_pattern&#8221; z_index=&#8221;&#8221;][vc_column]<div class=\"qode-advanced-image-gallery  qode-aig-grid-type qode-tiny-space  qode-image-behavior-zoom \">\n\t<div class=\"qode-aig-inner qode-outer-space qode-aig-grid qode-aig-three-columns\">\n\t\t\t\t\t<div class=\"qode-aig-image qode-item-space\">\n\t\t\t\t<div class=\"qode-aig-image-inner\">\n\t\t\t\t\t\t\t\t\t\t\t<img loading=\"lazy\" decoding=\"async\" width=\"1199\" height=\"800\" src=\"https:\/\/evaramon.cat\/wp-content\/uploads\/2020\/09\/Despacho-de-abogados-en-lleida-6.jpg\" class=\"attachment-full size-full\" alt=\"Despacho de abogados en lleida 1\" srcset=\"https:\/\/evaramon.cat\/wp-content\/uploads\/2020\/09\/Despacho-de-abogados-en-lleida-6.jpg 1199w, https:\/\/evaramon.cat\/wp-content\/uploads\/2020\/09\/Despacho-de-abogados-en-lleida-6-300x200.jpg 300w, https:\/\/evaramon.cat\/wp-content\/uploads\/2020\/09\/Despacho-de-abogados-en-lleida-6-1024x683.jpg 1024w, https:\/\/evaramon.cat\/wp-content\/uploads\/2020\/09\/Despacho-de-abogados-en-lleida-6-768x512.jpg 768w, https:\/\/evaramon.cat\/wp-content\/uploads\/2020\/09\/Despacho-de-abogados-en-lleida-6-700x467.jpg 700w\" sizes=\"(max-width: 1199px) 100vw, 1199px\" \/>\t\t\t\t\t\t<span class=\"aig-gallery-hover\">\n\t\t\t\t\t\t\t\t\t\t\t\t\t<\/span>\n\t\t\t\t\t\t\t\t\t<\/div>\n\t\t\t<\/div>\n\t\t\t\t\t<div class=\"qode-aig-image qode-item-space\">\n\t\t\t\t<div class=\"qode-aig-image-inner\">\n\t\t\t\t\t\t\t\t\t\t\t<img loading=\"lazy\" decoding=\"async\" width=\"1198\" height=\"800\" src=\"https:\/\/evaramon.cat\/wp-content\/uploads\/2020\/09\/Despacho-de-abogados-en-lleida-5.jpg\" class=\"attachment-full size-full\" alt=\"Despacho de abogados en lleida 1\" srcset=\"https:\/\/evaramon.cat\/wp-content\/uploads\/2020\/09\/Despacho-de-abogados-en-lleida-5.jpg 1198w, https:\/\/evaramon.cat\/wp-content\/uploads\/2020\/09\/Despacho-de-abogados-en-lleida-5-300x200.jpg 300w, https:\/\/evaramon.cat\/wp-content\/uploads\/2020\/09\/Despacho-de-abogados-en-lleida-5-1024x684.jpg 1024w, https:\/\/evaramon.cat\/wp-content\/uploads\/2020\/09\/Despacho-de-abogados-en-lleida-5-768x513.jpg 768w, https:\/\/evaramon.cat\/wp-content\/uploads\/2020\/09\/Despacho-de-abogados-en-lleida-5-700x467.jpg 700w\" sizes=\"(max-width: 1198px) 100vw, 1198px\" \/>\t\t\t\t\t\t<span class=\"aig-gallery-hover\">\n\t\t\t\t\t\t\t\t\t\t\t\t\t<\/span>\n\t\t\t\t\t\t\t\t\t<\/div>\n\t\t\t<\/div>\n\t\t\t\t\t<div class=\"qode-aig-image qode-item-space\">\n\t\t\t\t<div class=\"qode-aig-image-inner\">\n\t\t\t\t\t\t\t\t\t\t\t<img loading=\"lazy\" decoding=\"async\" width=\"1198\" height=\"800\" src=\"https:\/\/evaramon.cat\/wp-content\/uploads\/2020\/09\/Despacho-de-abogados-en-lleida-4.jpg\" class=\"attachment-full size-full\" alt=\"Despacho de abogados en lleida 1\" srcset=\"https:\/\/evaramon.cat\/wp-content\/uploads\/2020\/09\/Despacho-de-abogados-en-lleida-4.jpg 1198w, https:\/\/evaramon.cat\/wp-content\/uploads\/2020\/09\/Despacho-de-abogados-en-lleida-4-300x200.jpg 300w, https:\/\/evaramon.cat\/wp-content\/uploads\/2020\/09\/Despacho-de-abogados-en-lleida-4-1024x684.jpg 1024w, https:\/\/evaramon.cat\/wp-content\/uploads\/2020\/09\/Despacho-de-abogados-en-lleida-4-768x513.jpg 768w, https:\/\/evaramon.cat\/wp-content\/uploads\/2020\/09\/Despacho-de-abogados-en-lleida-4-700x467.jpg 700w\" sizes=\"(max-width: 1198px) 100vw, 1198px\" \/>\t\t\t\t\t\t<span class=\"aig-gallery-hover\">\n\t\t\t\t\t\t\t\t\t\t\t\t\t<\/span>\n\t\t\t\t\t\t\t\t\t<\/div>\n\t\t\t<\/div>\n\t\t\t\t\t<div class=\"qode-aig-image qode-item-space\">\n\t\t\t\t<div class=\"qode-aig-image-inner\">\n\t\t\t\t\t\t\t\t\t\t\t<img loading=\"lazy\" decoding=\"async\" width=\"1198\" height=\"800\" src=\"https:\/\/evaramon.cat\/wp-content\/uploads\/2020\/09\/Despacho-de-abogados-en-lleida-3.jpg\" class=\"attachment-full size-full\" alt=\"Despacho de abogados en lleida 1\" srcset=\"https:\/\/evaramon.cat\/wp-content\/uploads\/2020\/09\/Despacho-de-abogados-en-lleida-3.jpg 1198w, https:\/\/evaramon.cat\/wp-content\/uploads\/2020\/09\/Despacho-de-abogados-en-lleida-3-300x200.jpg 300w, https:\/\/evaramon.cat\/wp-content\/uploads\/2020\/09\/Despacho-de-abogados-en-lleida-3-1024x684.jpg 1024w, https:\/\/evaramon.cat\/wp-content\/uploads\/2020\/09\/Despacho-de-abogados-en-lleida-3-768x513.jpg 768w, https:\/\/evaramon.cat\/wp-content\/uploads\/2020\/09\/Despacho-de-abogados-en-lleida-3-700x467.jpg 700w\" sizes=\"(max-width: 1198px) 100vw, 1198px\" \/>\t\t\t\t\t\t<span class=\"aig-gallery-hover\">\n\t\t\t\t\t\t\t\t\t\t\t\t\t<\/span>\n\t\t\t\t\t\t\t\t\t<\/div>\n\t\t\t<\/div>\n\t\t\t\t\t<div class=\"qode-aig-image qode-item-space\">\n\t\t\t\t<div class=\"qode-aig-image-inner\">\n\t\t\t\t\t\t\t\t\t\t\t<img loading=\"lazy\" decoding=\"async\" width=\"1198\" height=\"800\" src=\"https:\/\/evaramon.cat\/wp-content\/uploads\/2020\/09\/Despacho-de-abogados-en-lleida-2.jpg\" class=\"attachment-full size-full\" alt=\"Despacho de abogados en lleida 1\" srcset=\"https:\/\/evaramon.cat\/wp-content\/uploads\/2020\/09\/Despacho-de-abogados-en-lleida-2.jpg 1198w, https:\/\/evaramon.cat\/wp-content\/uploads\/2020\/09\/Despacho-de-abogados-en-lleida-2-300x200.jpg 300w, https:\/\/evaramon.cat\/wp-content\/uploads\/2020\/09\/Despacho-de-abogados-en-lleida-2-1024x684.jpg 1024w, https:\/\/evaramon.cat\/wp-content\/uploads\/2020\/09\/Despacho-de-abogados-en-lleida-2-768x513.jpg 768w, https:\/\/evaramon.cat\/wp-content\/uploads\/2020\/09\/Despacho-de-abogados-en-lleida-2-700x467.jpg 700w\" sizes=\"(max-width: 1198px) 100vw, 1198px\" \/>\t\t\t\t\t\t<span class=\"aig-gallery-hover\">\n\t\t\t\t\t\t\t\t\t\t\t\t\t<\/span>\n\t\t\t\t\t\t\t\t\t<\/div>\n\t\t\t<\/div>\n\t\t\t\t\t<div class=\"qode-aig-image qode-item-space\">\n\t\t\t\t<div class=\"qode-aig-image-inner\">\n\t\t\t\t\t\t\t\t\t\t\t<img loading=\"lazy\" decoding=\"async\" width=\"1198\" height=\"800\" src=\"https:\/\/evaramon.cat\/wp-content\/uploads\/2020\/09\/Despacho-de-abogados-en-lleida-1.jpg\" class=\"attachment-full size-full\" alt=\"Despacho de abogados en lleida 1\" srcset=\"https:\/\/evaramon.cat\/wp-content\/uploads\/2020\/09\/Despacho-de-abogados-en-lleida-1.jpg 1198w, https:\/\/evaramon.cat\/wp-content\/uploads\/2020\/09\/Despacho-de-abogados-en-lleida-1-300x200.jpg 300w, https:\/\/evaramon.cat\/wp-content\/uploads\/2020\/09\/Despacho-de-abogados-en-lleida-1-1024x684.jpg 1024w, https:\/\/evaramon.cat\/wp-content\/uploads\/2020\/09\/Despacho-de-abogados-en-lleida-1-768x513.jpg 768w, https:\/\/evaramon.cat\/wp-content\/uploads\/2020\/09\/Despacho-de-abogados-en-lleida-1-700x467.jpg 700w\" sizes=\"(max-width: 1198px) 100vw, 1198px\" \/>\t\t\t\t\t\t<span class=\"aig-gallery-hover\">\n\t\t\t\t\t\t\t\t\t\t\t\t\t<\/span>\n\t\t\t\t\t\t\t\t\t<\/div>\n\t\t\t<\/div>\n\t\t\t<\/div>\n<\/div>[\/vc_column][\/vc_row][vc_row css_animation=&#8221;&#8221; row_type=&#8221;row&#8221; use_row_as_full_screen_section=&#8221;no&#8221; type=&#8221;grid&#8221; angled_section=&#8221;no&#8221; text_align=&#8221;left&#8221; background_image_as_pattern=&#8221;without_pattern&#8221; z_index=&#8221;&#8221; background_color=&#8221;#f8f3e9&#8243;][vc_column][vc_raw_html]JTNDZGl2JTIwY2xhc3MlM0QlMjJjdGFzZXJ2aWNpb3MlMjIlM0UlMEElM0NoMyUzRUVzdCVDMyVBMHMlMjBwZW5zYW50JTIwZW4lMjBjb250cmFjdGFyJTIwbyUyMGNhbnZpYXIlMjBkJTI3YXNzZXNzb3JpYSUyMGElMjBMbGVpZGElM0YlM0MlMkZoMyUzRSUwQSUzQ2RpdiUyMGNsYXNzJTNEJTIyZXNwYWNpbzYwJTIyJTNFJTNDJTJGZGl2JTNFJTBBJTNDaDQlM0VEZXNjb2JyZWl4JTIwZWxzJTIwbm9zdHJlcyUyMHNlcnZlaXMlMjBkZSUyMGdlc3RpJUMzJUIzJTIwaSUyMGFzc2Vzc29yaWElMjBsYWJvcmFsJTIwcGVyJTIwYSUyMHBpbWVzJTIwaSUyMGF1dCVDMyVCMm5vbXMuJTNDJTJGaDQlM0UlMEElM0NkaXYlMjBjbGFzcyUzRCUyMmVzcGFjaW82MCUyMiUzRSUzQyUyRmRpdiUzRSUwQSUzQ2ElMjBjbGFzcyUzRCUyMmJvdG9uY3RhJTIyJTIwaHJlZiUzRCUyMm1haWx0byUzQWxhYm9yYWwlNDBldmFyYW1vbi5jYXQlMjIlM0VDb25jZXJ0YXIlMjB2aXNpdGElM0MlMkZhJTNFJTIwJTNDYSUyMGNsYXNzJTNEJTIyYm90b25jdGElMjIlMjBocmVmJTNEJTIydGVsJTNBOTczMjM3NDkzJTIyJTNFVHJ1Y2FyJTIwYXJhJTNDJTJGYSUzRSUwQSUzQyUyRmRpdiUzRQ==[\/vc_raw_html][\/vc_column][\/vc_row]<\/p>\n<\/div>","protected":false},"excerpt":{"rendered":"<p>[vc_row css_animation=&#8221;&#8221; row_type=&#8221;row&#8221; use_row_as_full_screen_section=&#8221;no&#8221; type=&#8221;grid&#8221; angled_section=&#8221;no&#8221; text_align=&#8221;left&#8221; background_image_as_pattern=&#8221;without_pattern&#8221; el_class=&#8221;paddingsecciones&#8221; z_index=&#8221;&#8221;][vc_column el_class=&#8221;cuadrosobrenosotros&#8221;][qode_elements_holder number_of_columns=&#8221;two_columns&#8221;][qode_elements_holder_item advanced_animations=&#8221;no&#8221;][vc_column_text] &#8220;La proximitat i l&#8217;efici\u00e8ncia com a premissa&#8221; Eva Ramon Despatx Laboralista fundat l&#8217;any 2013. El despatx obre les portes amb un objectiu clar: oferir un servei d&#8217;assessorament jur\u00eddic legal en l&#8217;\u00e0mbit laboral,&#8230;<\/p>\n","protected":false},"author":1,"featured_media":0,"parent":0,"menu_order":0,"comment_status":"closed","ping_status":"closed","template":"full_width.php","meta":{"footnotes":""},"class_list":["post-550","page","type-page","status-publish","hentry"],"yoast_head":"<!-- This site is optimized with the Yoast SEO plugin v23.4 - https:\/\/yoast.com\/wordpress\/plugins\/seo\/ -->\n<title>Eva Ramon Advocada a Lleida | laboralista | Telf: 973 23 74 93<\/title>\n<meta name=\"description\" content=\"Eva Ramon advocada a Lleida. 30 anys d&#039;experi\u00e8ncia en assessorament i representaci\u00f3 en procediments judicials d&#039;\u00e0mbit laboral.\" \/>\n<meta name=\"robots\" content=\"index, follow, max-snippet:-1, max-image-preview:large, max-video-preview:-1\" \/>\n<link rel=\"canonical\" href=\"https:\/\/evaramon.cat\/ca\/abogada-lleida\/\" \/>\n<meta property=\"og:locale\" content=\"ca_ES\" \/>\n<meta property=\"og:type\" content=\"article\" \/>\n<meta property=\"og:title\" content=\"Eva Ramon Advocada a Lleida | laboralista | Telf: 973 23 74 93\" \/>\n<meta property=\"og:description\" content=\"Eva Ramon advocada a Lleida. 30 anys d&#039;experi\u00e8ncia en assessorament i representaci\u00f3 en procediments judicials d&#039;\u00e0mbit laboral.\" \/>\n<meta property=\"og:url\" content=\"https:\/\/evaramon.cat\/ca\/abogada-lleida\/\" \/>\n<meta property=\"og:site_name\" content=\"Eva Ramon { Asesor\u00eda en Lleida\" \/>\n<meta property=\"article:modified_time\" content=\"2020-09-29T07:07:50+00:00\" \/>\n<meta name=\"twitter:card\" content=\"summary_large_image\" \/>\n<meta name=\"twitter:label1\" content=\"Temps estimat de lectura\" \/>\n\t<meta name=\"twitter:data1\" content=\"4 minuts\" \/>\n<script type=\"application\/ld+json\" class=\"yoast-schema-graph\">{\"@context\":\"https:\/\/schema.org\",\"@graph\":[{\"@type\":\"WebPage\",\"@id\":\"https:\/\/evaramon.cat\/ca\/abogada-lleida\/\",\"url\":\"https:\/\/evaramon.cat\/ca\/abogada-lleida\/\",\"name\":\"Eva Ramon Advocada a Lleida | laboralista | Telf: 973 23 74 93\",\"isPartOf\":{\"@id\":\"https:\/\/evaramon.cat\/ca\/#website\"},\"datePublished\":\"2020-05-27T17:29:11+00:00\",\"dateModified\":\"2020-09-29T07:07:50+00:00\",\"description\":\"Eva Ramon advocada a Lleida. 30 anys d'experi\u00e8ncia en assessorament i representaci\u00f3 en procediments judicials d'\u00e0mbit laboral.\",\"breadcrumb\":{\"@id\":\"https:\/\/evaramon.cat\/ca\/abogada-lleida\/#breadcrumb\"},\"inLanguage\":\"ca\",\"potentialAction\":[{\"@type\":\"ReadAction\",\"target\":[\"https:\/\/evaramon.cat\/ca\/abogada-lleida\/\"]}]},{\"@type\":\"BreadcrumbList\",\"@id\":\"https:\/\/evaramon.cat\/ca\/abogada-lleida\/#breadcrumb\",\"itemListElement\":[{\"@type\":\"ListItem\",\"position\":1,\"name\":\"Portada\",\"item\":\"https:\/\/evaramon.cat\/ca\/\"},{\"@type\":\"ListItem\",\"position\":2,\"name\":\"Eva Ramon\"}]},{\"@type\":\"WebSite\",\"@id\":\"https:\/\/evaramon.cat\/ca\/#website\",\"url\":\"https:\/\/evaramon.cat\/ca\/\",\"name\":\"Eva Ramon { Asesor\u00eda en Lleida\",\"description\":\"Eva Ramon somos una asesor\u00eda laboral en Lleida. Ofrecemos servicios de asesor\u00eda legal y laboral para pymes, aut\u00f3nomos y trabajadores.\",\"potentialAction\":[{\"@type\":\"SearchAction\",\"target\":{\"@type\":\"EntryPoint\",\"urlTemplate\":\"https:\/\/evaramon.cat\/ca\/?s={search_term_string}\"},\"query-input\":{\"@type\":\"PropertyValueSpecification\",\"valueRequired\":true,\"valueName\":\"search_term_string\"}}],\"inLanguage\":\"ca\"}]}<\/script>\n<!-- \/ Yoast SEO plugin. -->","yoast_head_json":{"title":"Eva Ramon Advocada a Lleida | laboralista | Telf: 973 23 74 93","description":"Eva Ramon advocada a Lleida. 30 anys d'experi\u00e8ncia en assessorament i representaci\u00f3 en procediments judicials d'\u00e0mbit laboral.","robots":{"index":"index","follow":"follow","max-snippet":"max-snippet:-1","max-image-preview":"max-image-preview:large","max-video-preview":"max-video-preview:-1"},"canonical":"https:\/\/evaramon.cat\/ca\/abogada-lleida\/","og_locale":"ca_ES","og_type":"article","og_title":"Eva Ramon Advocada a Lleida | laboralista | Telf: 973 23 74 93","og_description":"Eva Ramon advocada a Lleida. 30 anys d'experi\u00e8ncia en assessorament i representaci\u00f3 en procediments judicials d'\u00e0mbit laboral.","og_url":"https:\/\/evaramon.cat\/ca\/abogada-lleida\/","og_site_name":"Eva Ramon { Asesor\u00eda en Lleida","article_modified_time":"2020-09-29T07:07:50+00:00","twitter_card":"summary_large_image","twitter_misc":{"Temps estimat de lectura":"4 minuts"},"schema":{"@context":"https:\/\/schema.org","@graph":[{"@type":"WebPage","@id":"https:\/\/evaramon.cat\/ca\/abogada-lleida\/","url":"https:\/\/evaramon.cat\/ca\/abogada-lleida\/","name":"Eva Ramon Advocada a Lleida | laboralista | Telf: 973 23 74 93","isPartOf":{"@id":"https:\/\/evaramon.cat\/ca\/#website"},"datePublished":"2020-05-27T17:29:11+00:00","dateModified":"2020-09-29T07:07:50+00:00","description":"Eva Ramon advocada a Lleida. 30 anys d'experi\u00e8ncia en assessorament i representaci\u00f3 en procediments judicials d'\u00e0mbit laboral.","breadcrumb":{"@id":"https:\/\/evaramon.cat\/ca\/abogada-lleida\/#breadcrumb"},"inLanguage":"ca","potentialAction":[{"@type":"ReadAction","target":["https:\/\/evaramon.cat\/ca\/abogada-lleida\/"]}]},{"@type":"BreadcrumbList","@id":"https:\/\/evaramon.cat\/ca\/abogada-lleida\/#breadcrumb","itemListElement":[{"@type":"ListItem","position":1,"name":"Portada","item":"https:\/\/evaramon.cat\/ca\/"},{"@type":"ListItem","position":2,"name":"Eva Ramon"}]},{"@type":"WebSite","@id":"https:\/\/evaramon.cat\/ca\/#website","url":"https:\/\/evaramon.cat\/ca\/","name":"Eva Ramon { Asesor\u00eda en Lleida","description":"Eva Ramon somos una asesor\u00eda laboral en Lleida. Ofrecemos servicios de asesor\u00eda legal y laboral para pymes, aut\u00f3nomos y trabajadores.","potentialAction":[{"@type":"SearchAction","target":{"@type":"EntryPoint","urlTemplate":"https:\/\/evaramon.cat\/ca\/?s={search_term_string}"},"query-input":{"@type":"PropertyValueSpecification","valueRequired":true,"valueName":"search_term_string"}}],"inLanguage":"ca"}]}},"_links":{"self":[{"href":"https:\/\/evaramon.cat\/ca\/wp-json\/wp\/v2\/pages\/550"}],"collection":[{"href":"https:\/\/evaramon.cat\/ca\/wp-json\/wp\/v2\/pages"}],"about":[{"href":"https:\/\/evaramon.cat\/ca\/wp-json\/wp\/v2\/types\/page"}],"author":[{"embeddable":true,"href":"https:\/\/evaramon.cat\/ca\/wp-json\/wp\/v2\/users\/1"}],"replies":[{"embeddable":true,"href":"https:\/\/evaramon.cat\/ca\/wp-json\/wp\/v2\/comments?post=550"}],"version-history":[{"count":5,"href":"https:\/\/evaramon.cat\/ca\/wp-json\/wp\/v2\/pages\/550\/revisions"}],"predecessor-version":[{"id":608,"href":"https:\/\/evaramon.cat\/ca\/wp-json\/wp\/v2\/pages\/550\/revisions\/608"}],"wp:attachment":[{"href":"https:\/\/evaramon.cat\/ca\/wp-json\/wp\/v2\/media?parent=550"}],"curies":[{"name":"wp","href":"https:\/\/api.w.org\/{rel}","templated":true}]}}