{"id":554,"date":"2020-05-27T17:34:49","date_gmt":"2020-05-27T17:34:49","guid":{"rendered":"https:\/\/evaramon.cat\/asesoria-legal-en-lleida\/"},"modified":"2020-09-30T17:44:38","modified_gmt":"2020-09-30T16:44:38","slug":"assessoria-legal-a-lleida","status":"publish","type":"page","link":"https:\/\/evaramon.cat\/ca\/assessoria-legal-a-lleida\/","title":{"rendered":"Assessoria jur\u00eddica laboral"},"content":{"rendered":"<div class=\"wpb-content-wrapper\"><p>[vc_row css_animation=&#8221;&#8221; row_type=&#8221;row&#8221; use_row_as_full_screen_section=&#8221;no&#8221; type=&#8221;grid&#8221; angled_section=&#8221;no&#8221; text_align=&#8221;left&#8221; background_image_as_pattern=&#8221;without_pattern&#8221; el_class=&#8221;paddingsecciones&#8221; z_index=&#8221;&#8221;][vc_column el_class=&#8221;justify&#8221;][vc_column_text]El nostre despatx t\u00e9 una llarga experi\u00e8ncia professional en el camp del <strong>dret laboral<\/strong>.<\/p>\n<p>&nbsp;<\/p>\n<p>Els nostres serveis abasten l&#8217;<strong>assessorament, la planificaci\u00f3, la gesti\u00f3, i la presa de decisions en l&#8217;estrat\u00e8gia a seguir<\/strong>\u00a0en cada cas, fent amb aix\u00f2 un seguiment personalitzat per a cada client.<\/p>\n<p>&nbsp;<\/p>\n<p>Som un despatx <strong>especialitzat en dret laboral i Seguretat Social,<\/strong> tant en la gesti\u00f3 administrativa com en la defensa dels drets laborals, d&#8217;empresaris i treballadors, en l&#8217;\u00e0mbit administratiu i en el judicial. La nostra especialitzaci\u00f3 ens permet aplicar els nostres coneixements i la nostra experi\u00e8ncia laboralista per garantir els millors resultats.[\/vc_column_text][\/vc_column][\/vc_row][vc_row css_animation=&#8221;&#8221; row_type=&#8221;row&#8221; use_row_as_full_screen_section=&#8221;no&#8221; type=&#8221;grid&#8221; angled_section=&#8221;no&#8221; text_align=&#8221;left&#8221; background_image_as_pattern=&#8221;without_pattern&#8221; z_index=&#8221;&#8221;][vc_column][qode_elements_holder number_of_columns=&#8221;one_column&#8221;][qode_elements_holder_item advanced_animations=&#8221;no&#8221; custom_class=&#8221;bordecontenido&#8221;][vc_column_text]<\/p>\n<h2>Serveis per a particulars en l&#8217;\u00e0mbit administratiu<\/h2>\n<p>[\/vc_column_text][vc_empty_space height=&#8221;60px&#8221;][vc_column_text]<\/p>\n<ul>\n<li>Reclamacions de quantitat i deutes salarials, i la compareixen\u00e7a en els actes de conciliaci\u00f3 davant els organismes competents que d&#8217;aix\u00f2 se&#8217;n derivi.<\/li>\n<li>Assessorament a treballadors per a la conciliaci\u00f3 de la vida familiar i laboral (reducci\u00f3 de jornada, exced\u00e8ncia, modificaci\u00f3 de torns laborals &#8230;)<\/li>\n<li>Tramitaci\u00f3 de processos de pensions i prestacions de la Seguretat Social, tant en via administrativa com judicial (jubilaci\u00f3, incapacitat permanent absoluta, total, parcial &#8230;)<\/li>\n<li>Tramitaci\u00f3 d&#8217;expedients davant el Fons de Garantia Salarial.<\/li>\n<li>Assessorament a treballadors en processos d&#8217;ERO, acompanyament en per\u00edode de consulta, reunions amb l&#8217;empresa, negociaci\u00f3 sindical.<\/li>\n<li>Assessorament davant de situacions d&#8217;acomiadament i reclamacions per assetjament laboral (mobbing).<\/li>\n<li>Assessorament davant les modificacions substancials de les condicions de treball (mobilitat funcional i territorial, modificaci\u00f3 de jornades, reducci\u00f3 de salaris.<\/li>\n<li>C\u00e0lcul de salaris i hores extraordin\u00e0ries.<\/li>\n<li>Negociaci\u00f3 en les condicions salarials i de jornada laboral.<\/li>\n<li>Reclamacions d&#8217;indemnitzaci\u00f3 per accident de treball.<\/li>\n<li>Assist\u00e8ncia davant d&#8217;una Inspecci\u00f3 de Treball.<\/li>\n<li>Reclamacions administratives davant el SEPE<\/li>\n<li>Reclamacions contra la Tresoreria General de la Seguretat Social<\/li>\n<li>Reclamacions contra el FOGASA<\/li>\n<li>Reclamacions contra les M\u00fatues d&#8217;Accidents de Treball<\/li>\n<\/ul>\n<p>[\/vc_column_text][\/qode_elements_holder_item][\/qode_elements_holder][\/vc_column][\/vc_row][vc_row css_animation=&#8221;&#8221; row_type=&#8221;row&#8221; use_row_as_full_screen_section=&#8221;no&#8221; type=&#8221;grid&#8221; angled_section=&#8221;no&#8221; text_align=&#8221;left&#8221; background_image_as_pattern=&#8221;without_pattern&#8221; z_index=&#8221;&#8221; css=&#8221;.vc_custom_1600695213060{margin-top: 60px !important;}&#8221;][vc_column][qode_elements_holder number_of_columns=&#8221;one_column&#8221;][qode_elements_holder_item advanced_animations=&#8221;no&#8221; custom_class=&#8221;bordecontenido&#8221;][vc_column_text]<\/p>\n<h2>Serveis per a particulars en l&#8217;\u00e0mbit judicial<\/h2>\n<p>[\/vc_column_text][vc_empty_space height=&#8221;60px&#8221;][vc_column_text]<\/p>\n<ul>\n<li>Assist\u00e8ncia i defensa en litigis laborals promogudes davant la jurisdicci\u00f3 social.<\/li>\n<li>Assist\u00e8ncia i defensa en litigis laborals derivats de reclamacions de quantitat i deutes salarials.<\/li>\n<li>Acomiadaments.<\/li>\n<li>Sol\u00b7licitud d&#8217;extinci\u00f3 de contracte per causes imputables a l&#8217;empresa.<\/li>\n<li>Modificaci\u00f3 substancial de condicions de treball.<\/li>\n<li>Accidents de treball.<\/li>\n<li>Conciliaci\u00f3 de la vida familiar amb la laboral.<\/li>\n<li>Vacances.<\/li>\n<li>Vulneraci\u00f3 de drets fonamentals<\/li>\n<li>Indemnitzaci\u00f3 per danys morals.<\/li>\n<li>Incapacitat permanent derivada d&#8217;accident de treball.<\/li>\n<li>Malaltia professional o malaltia comuna.<\/li>\n<\/ul>\n<p>[\/vc_column_text][\/qode_elements_holder_item][\/qode_elements_holder][\/vc_column][\/vc_row][vc_row css_animation=&#8221;&#8221; row_type=&#8221;row&#8221; use_row_as_full_screen_section=&#8221;no&#8221; type=&#8221;grid&#8221; angled_section=&#8221;no&#8221; text_align=&#8221;left&#8221; background_image_as_pattern=&#8221;without_pattern&#8221; z_index=&#8221;&#8221; el_class=&#8221;paddingsecciones&#8221;][vc_column][qode_elements_holder number_of_columns=&#8221;two_columns&#8221;][qode_elements_holder_item cover=&#8221;yes&#8221; advanced_animations=&#8221;no&#8221; background_image=&#8221;182&#8243;][\/qode_elements_holder_item][qode_elements_holder_item advanced_animations=&#8221;no&#8221;][vc_raw_html]JTNDZGl2JTIwY2xhc3MlM0QlMjJjdWFkcm9pbnRyb3NlcnZpY2lvJTIyJTNFJTBBJTNDaDMlM0VUcmViYWxsZXMlMjBlbiUyMHVuYSUyMGVtcHJlc2ElMjBpJTIwbmVjZXNzaXRlcyUyMGFzc2Vzc29yYW1lbnQlMjBsYWJvcmFsJTNGJTNDJTJGaDMlM0UlMEElM0NkaXYlMjBjbGFzcyUzRCUyMmVzcGFjaW82MCUyMiUzRSUzQyUyRmRpdiUzRSUwQSUzQ3AlM0VTaSUyMG5lY2Vzc2l0ZXMlMjBhc3Nlc3NvcmFtZW50JTIwbGFib3JhbCUyMGRhdmFudCUyMHVuJTIwYWNvbWlhZGFtZW50JTJDJTIwY2FudmklMjBlbiUyMGxhJTIwdGV2YSUyMGpvcm5hZGElMjBsYWJvcmFsJTIwbyUyMHF1YWxzZXZvbCUyMGFsdHJlJTIwdGVtYSUyMHJlbGFjaW9uYXQlMjBhbWIlMjBsYSUyMHRldmElMjBmZWluYSUyQyUyMCUzQ3N0cm9uZyUzRSUyMGV0JTIwcG9kZW0lMjBhanVkYXIlMjElM0MlMkZzdHJvbmclM0UlM0MlMkZwJTNFJTBBJTNDZGl2JTIwY2xhc3MlM0QlMjJlc3BhY2lvNjAlMjIlM0UlM0MlMkZkaXYlM0UlMEElM0NhJTIwY2xhc3MlM0QlMjJib3RvbmN0YSUyMiUyMGhyZWYlM0QlMjJtYWlsdG8lM0FsYWJvcmFsJTQwZXZhcmFtb24uY2F0JTIyJTNFQ29uY2VydGFyJTIwdmlzaXRhJTNDJTJGYSUzRSUyMCUzQ2ElMjBjbGFzcyUzRCUyMmJvdG9uY3RhJTIyJTIwaHJlZiUzRCUyMnRlbCUzQTk3MzIzNzQ5MyUyMiUzRVRydWNhciUyMGFyYSUzQyUyRmElM0UlMEElM0MlMkZkaXYlM0U=[\/vc_raw_html][\/qode_elements_holder_item][\/qode_elements_holder][\/vc_column][\/vc_row][vc_row css_animation=&#8221;&#8221; row_type=&#8221;row&#8221; use_row_as_full_screen_section=&#8221;no&#8221; type=&#8221;grid&#8221; angled_section=&#8221;no&#8221; text_align=&#8221;left&#8221; background_image_as_pattern=&#8221;without_pattern&#8221; z_index=&#8221;&#8221;][vc_column][qode_elements_holder number_of_columns=&#8221;one_column&#8221;][qode_elements_holder_item advanced_animations=&#8221;no&#8221; custom_class=&#8221;bordecontenido&#8221;][vc_column_text]<\/p>\n<h2>Serveis per empreses en l&#8217;\u00e0mbit administratiu<\/h2>\n<p>[\/vc_column_text][vc_empty_space height=&#8221;60px&#8221;][vc_column_text]<\/p>\n<ul>\n<li>Assessorament en mat\u00e8ria de dret laboral i Seguretat Social.<\/li>\n<li>Assessorament i negociaci\u00f3 de pactes entre l&#8217;empresa i els treballadors: flexibilitat hor\u00e0ria, jornada, estructura salarial, classificaci\u00f3 professional, organitzaci\u00f3 de la feina&#8230;<\/li>\n<li>Redacci\u00f3 de cartes d&#8217;acomiadament i assessorament sobre el mateix.<\/li>\n<li>Redacci\u00f3 dels documents necessaris per a la presentaci\u00f3 d&#8217;acomiadaments col\u00b7lectius o ETS.<\/li>\n<li>Compareixen\u00e7a en actes promoguts en mat\u00e8ria de conciliaci\u00f3 davant l&#8217;organisme corresponent.<\/li>\n<li>Assessorament sobre les modalitats i cl\u00e0usules contractuals m\u00e9s rellevants de les relacions laborals.<\/li>\n<li>Assessorament davant modificacions substancials de les condicions de treball (mobilitat funcional i territorial, modificaci\u00f3 de jornada, reducci\u00f3 de salaris).<\/li>\n<li>Assist\u00e8ncia davant la Inspecci\u00f3 de Treball i els posteriors Recursos contra actes de la Inspecci\u00f3 de Treball i de la Seguretat Social que d&#8217;ella puguin derivar.<\/li>\n<li>Auditoria laboral: revisi\u00f3 del compliment de la normativa laboral i emissi\u00f3 d&#8217;informe.<\/li>\n<li>Verificaci\u00f3 del compliment de la normativa en prevenci\u00f3 de riscos laborals.<\/li>\n<li>Assessorament jur\u00eddic en reestructuraci\u00f3 d&#8217;empreses.<\/li>\n<\/ul>\n<p>[\/vc_column_text][\/qode_elements_holder_item][\/qode_elements_holder][\/vc_column][\/vc_row][vc_row css_animation=&#8221;&#8221; row_type=&#8221;row&#8221; use_row_as_full_screen_section=&#8221;no&#8221; type=&#8221;grid&#8221; angled_section=&#8221;no&#8221; text_align=&#8221;left&#8221; background_image_as_pattern=&#8221;without_pattern&#8221; el_class=&#8221;paddingsecciones&#8221; z_index=&#8221;&#8221;][vc_column][qode_elements_holder number_of_columns=&#8221;one_column&#8221;][qode_elements_holder_item advanced_animations=&#8221;no&#8221; custom_class=&#8221;bordecontenido&#8221;][vc_column_text]<\/p>\n<h2>Serveis per a empreses en l&#8217;\u00e0mbit jur\u00eddic<\/h2>\n<p>[\/vc_column_text][vc_empty_space height=&#8221;60px&#8221;][vc_column_text]<\/p>\n<ul>\n<li>Assist\u00e8ncia i defensa en litigis laborals promogudes davant la jurisdicci\u00f3 social.<\/li>\n<li>Assessorament i defensa davant reclamacions de quantitats.<\/li>\n<li>Defensa jur\u00eddica davant de reclamacions per accidents de treball i rec\u00e0rrec de prestacions.<\/li>\n<li>Assessorament i defensa davant demandes per acomiadament.<\/li>\n<li>Assessorament i defensa davant demandes per vulneraci\u00f3 de drets fonamentals i les indemnitzacions que aix\u00f2 comporta.<\/li>\n<li>Assessorament i defensa davant demandes per modificaci\u00f3 substancial de condicions de treball.<\/li>\n<li>Assessorament i defensa davant demandes per discrep\u00e0ncia en el gaudiment del per\u00edode de vacances.<\/li>\n<\/ul>\n<p>[\/vc_column_text][\/qode_elements_holder_item][\/qode_elements_holder][\/vc_column][\/vc_row][vc_row css_animation=&#8221;&#8221; row_type=&#8221;row&#8221; use_row_as_full_screen_section=&#8221;no&#8221; type=&#8221;grid&#8221; angled_section=&#8221;no&#8221; text_align=&#8221;left&#8221; background_image_as_pattern=&#8221;without_pattern&#8221; z_index=&#8221;&#8221; background_color=&#8221;#f8f3e9&#8243;][vc_column][vc_raw_html]JTNDZGl2JTIwY2xhc3MlM0QlMjJjdGFzZXJ2aWNpb3MlMjIlM0UlMEElM0NoMyUzRUVzdCVDMyVBMHMlMjBwZW5zYW50JTIwZW4lMjBjb250cmFjdGFyJTIwbyUyMGNhbnZpYXIlMjBkJTI3YXNzZXNzb3JpYSUyMGElMjBMbGVpZGElM0YlM0MlMkZoMyUzRSUwQSUzQ2RpdiUyMGNsYXNzJTNEJTIyZXNwYWNpbzYwJTIyJTNFJTNDJTJGZGl2JTNFJTBBJTNDaDQlM0VEZXNjb2JyZWl4JTIwZWxzJTIwbm9zdHJlcyUyMHNlcnZlaXMlMjBkZSUyMGdlc3RpJUMzJUIzJTIwaSUyMGFzc2Vzc29yaWElMjBsYWJvcmFsJTIwcGVyJTIwYSUyMHBpbWVzJTIwaSUyMGF1dCVDMyVCMm5vbXMuJTNDJTJGaDQlM0UlMEElM0NkaXYlMjBjbGFzcyUzRCUyMmVzcGFjaW82MCUyMiUzRSUzQyUyRmRpdiUzRSUwQSUzQ2ElMjBjbGFzcyUzRCUyMmJvdG9uY3RhJTIyJTIwaHJlZiUzRCUyMm1haWx0byUzQWxhYm9yYWwlNDBldmFyYW1vbi5jYXQlMjIlM0VDb25jZXJ0YXIlMjB2aXNpdGElM0MlMkZhJTNFJTIwJTNDYSUyMGNsYXNzJTNEJTIyYm90b25jdGElMjIlMjBocmVmJTNEJTIydGVsJTNBOTczMjM3NDkzJTIyJTNFVHJ1Y2FyJTIwYXJhJTNDJTJGYSUzRSUwQSUzQyUyRmRpdiUzRQ==[\/vc_raw_html][\/vc_column][\/vc_row]<\/p>\n<\/div>","protected":false},"excerpt":{"rendered":"<p>[vc_row css_animation=&#8221;&#8221; row_type=&#8221;row&#8221; use_row_as_full_screen_section=&#8221;no&#8221; type=&#8221;grid&#8221; angled_section=&#8221;no&#8221; text_align=&#8221;left&#8221; background_image_as_pattern=&#8221;without_pattern&#8221; el_class=&#8221;paddingsecciones&#8221; z_index=&#8221;&#8221;][vc_column el_class=&#8221;justify&#8221;][vc_column_text]El nostre despatx t\u00e9 una llarga experi\u00e8ncia professional en el camp del dret laboral. &nbsp; Els nostres serveis abasten l&#8217;assessorament, la planificaci\u00f3, la gesti\u00f3, i la presa de decisions en l&#8217;estrat\u00e8gia a seguir\u00a0en cada cas,&#8230;<\/p>\n","protected":false},"author":1,"featured_media":0,"parent":0,"menu_order":0,"comment_status":"closed","ping_status":"closed","template":"full_width.php","meta":{"footnotes":""},"class_list":["post-554","page","type-page","status-publish","hentry"],"yoast_head":"<!-- This site is optimized with the Yoast SEO plugin v23.4 - https:\/\/yoast.com\/wordpress\/plugins\/seo\/ -->\n<title>Assessoria legal a Lleida | Eva Ramon | Telf: 973 23 74 93<\/title>\n<meta name=\"description\" content=\"Eva Ramon som una assessoria legal a Lleida amb m\u00e9s de 30 anys de trajectoria professional. Oferim asistencia legal a particulars i empreses.\" \/>\n<meta name=\"robots\" content=\"index, follow, max-snippet:-1, max-image-preview:large, max-video-preview:-1\" \/>\n<link rel=\"canonical\" href=\"https:\/\/evaramon.cat\/ca\/assessoria-legal-a-lleida\/\" \/>\n<meta property=\"og:locale\" content=\"ca_ES\" \/>\n<meta property=\"og:type\" content=\"article\" \/>\n<meta property=\"og:title\" content=\"Assessoria legal a Lleida | Eva Ramon | Telf: 973 23 74 93\" \/>\n<meta property=\"og:description\" content=\"Eva Ramon som una assessoria legal a Lleida amb m\u00e9s de 30 anys de trajectoria professional. Oferim asistencia legal a particulars i empreses.\" \/>\n<meta property=\"og:url\" content=\"https:\/\/evaramon.cat\/ca\/assessoria-legal-a-lleida\/\" \/>\n<meta property=\"og:site_name\" content=\"Eva Ramon { Asesor\u00eda en Lleida\" \/>\n<meta property=\"article:modified_time\" content=\"2020-09-30T16:44:38+00:00\" \/>\n<meta name=\"twitter:card\" content=\"summary_large_image\" \/>\n<meta name=\"twitter:label1\" content=\"Temps estimat de lectura\" \/>\n\t<meta name=\"twitter:data1\" content=\"6 minuts\" \/>\n<script type=\"application\/ld+json\" class=\"yoast-schema-graph\">{\"@context\":\"https:\/\/schema.org\",\"@graph\":[{\"@type\":\"WebPage\",\"@id\":\"https:\/\/evaramon.cat\/ca\/assessoria-legal-a-lleida\/\",\"url\":\"https:\/\/evaramon.cat\/ca\/assessoria-legal-a-lleida\/\",\"name\":\"Assessoria legal a Lleida | Eva Ramon | Telf: 973 23 74 93\",\"isPartOf\":{\"@id\":\"https:\/\/evaramon.cat\/ca\/#website\"},\"datePublished\":\"2020-05-27T17:34:49+00:00\",\"dateModified\":\"2020-09-30T16:44:38+00:00\",\"description\":\"Eva Ramon som una assessoria legal a Lleida amb m\u00e9s de 30 anys de trajectoria professional. Oferim asistencia legal a particulars i empreses.\",\"breadcrumb\":{\"@id\":\"https:\/\/evaramon.cat\/ca\/assessoria-legal-a-lleida\/#breadcrumb\"},\"inLanguage\":\"ca\",\"potentialAction\":[{\"@type\":\"ReadAction\",\"target\":[\"https:\/\/evaramon.cat\/ca\/assessoria-legal-a-lleida\/\"]}]},{\"@type\":\"BreadcrumbList\",\"@id\":\"https:\/\/evaramon.cat\/ca\/assessoria-legal-a-lleida\/#breadcrumb\",\"itemListElement\":[{\"@type\":\"ListItem\",\"position\":1,\"name\":\"Portada\",\"item\":\"https:\/\/evaramon.cat\/ca\/\"},{\"@type\":\"ListItem\",\"position\":2,\"name\":\"Assessoria jur\u00eddica laboral\"}]},{\"@type\":\"WebSite\",\"@id\":\"https:\/\/evaramon.cat\/ca\/#website\",\"url\":\"https:\/\/evaramon.cat\/ca\/\",\"name\":\"Eva Ramon { Asesor\u00eda en Lleida\",\"description\":\"Eva Ramon somos una asesor\u00eda laboral en Lleida. Ofrecemos servicios de asesor\u00eda legal y laboral para pymes, aut\u00f3nomos y trabajadores.\",\"potentialAction\":[{\"@type\":\"SearchAction\",\"target\":{\"@type\":\"EntryPoint\",\"urlTemplate\":\"https:\/\/evaramon.cat\/ca\/?s={search_term_string}\"},\"query-input\":{\"@type\":\"PropertyValueSpecification\",\"valueRequired\":true,\"valueName\":\"search_term_string\"}}],\"inLanguage\":\"ca\"}]}<\/script>\n<!-- \/ Yoast SEO plugin. -->","yoast_head_json":{"title":"Assessoria legal a Lleida | Eva Ramon | Telf: 973 23 74 93","description":"Eva Ramon som una assessoria legal a Lleida amb m\u00e9s de 30 anys de trajectoria professional. Oferim asistencia legal a particulars i empreses.","robots":{"index":"index","follow":"follow","max-snippet":"max-snippet:-1","max-image-preview":"max-image-preview:large","max-video-preview":"max-video-preview:-1"},"canonical":"https:\/\/evaramon.cat\/ca\/assessoria-legal-a-lleida\/","og_locale":"ca_ES","og_type":"article","og_title":"Assessoria legal a Lleida | Eva Ramon | Telf: 973 23 74 93","og_description":"Eva Ramon som una assessoria legal a Lleida amb m\u00e9s de 30 anys de trajectoria professional. Oferim asistencia legal a particulars i empreses.","og_url":"https:\/\/evaramon.cat\/ca\/assessoria-legal-a-lleida\/","og_site_name":"Eva Ramon { Asesor\u00eda en Lleida","article_modified_time":"2020-09-30T16:44:38+00:00","twitter_card":"summary_large_image","twitter_misc":{"Temps estimat de lectura":"6 minuts"},"schema":{"@context":"https:\/\/schema.org","@graph":[{"@type":"WebPage","@id":"https:\/\/evaramon.cat\/ca\/assessoria-legal-a-lleida\/","url":"https:\/\/evaramon.cat\/ca\/assessoria-legal-a-lleida\/","name":"Assessoria legal a Lleida | Eva Ramon | Telf: 973 23 74 93","isPartOf":{"@id":"https:\/\/evaramon.cat\/ca\/#website"},"datePublished":"2020-05-27T17:34:49+00:00","dateModified":"2020-09-30T16:44:38+00:00","description":"Eva Ramon som una assessoria legal a Lleida amb m\u00e9s de 30 anys de trajectoria professional. Oferim asistencia legal a particulars i empreses.","breadcrumb":{"@id":"https:\/\/evaramon.cat\/ca\/assessoria-legal-a-lleida\/#breadcrumb"},"inLanguage":"ca","potentialAction":[{"@type":"ReadAction","target":["https:\/\/evaramon.cat\/ca\/assessoria-legal-a-lleida\/"]}]},{"@type":"BreadcrumbList","@id":"https:\/\/evaramon.cat\/ca\/assessoria-legal-a-lleida\/#breadcrumb","itemListElement":[{"@type":"ListItem","position":1,"name":"Portada","item":"https:\/\/evaramon.cat\/ca\/"},{"@type":"ListItem","position":2,"name":"Assessoria jur\u00eddica laboral"}]},{"@type":"WebSite","@id":"https:\/\/evaramon.cat\/ca\/#website","url":"https:\/\/evaramon.cat\/ca\/","name":"Eva Ramon { Asesor\u00eda en Lleida","description":"Eva Ramon somos una asesor\u00eda laboral en Lleida. Ofrecemos servicios de asesor\u00eda legal y laboral para pymes, aut\u00f3nomos y trabajadores.","potentialAction":[{"@type":"SearchAction","target":{"@type":"EntryPoint","urlTemplate":"https:\/\/evaramon.cat\/ca\/?s={search_term_string}"},"query-input":{"@type":"PropertyValueSpecification","valueRequired":true,"valueName":"search_term_string"}}],"inLanguage":"ca"}]}},"_links":{"self":[{"href":"https:\/\/evaramon.cat\/ca\/wp-json\/wp\/v2\/pages\/554"}],"collection":[{"href":"https:\/\/evaramon.cat\/ca\/wp-json\/wp\/v2\/pages"}],"about":[{"href":"https:\/\/evaramon.cat\/ca\/wp-json\/wp\/v2\/types\/page"}],"author":[{"embeddable":true,"href":"https:\/\/evaramon.cat\/ca\/wp-json\/wp\/v2\/users\/1"}],"replies":[{"embeddable":true,"href":"https:\/\/evaramon.cat\/ca\/wp-json\/wp\/v2\/comments?post=554"}],"version-history":[{"count":10,"href":"https:\/\/evaramon.cat\/ca\/wp-json\/wp\/v2\/pages\/554\/revisions"}],"predecessor-version":[{"id":629,"href":"https:\/\/evaramon.cat\/ca\/wp-json\/wp\/v2\/pages\/554\/revisions\/629"}],"wp:attachment":[{"href":"https:\/\/evaramon.cat\/ca\/wp-json\/wp\/v2\/media?parent=554"}],"curies":[{"name":"wp","href":"https:\/\/api.w.org\/{rel}","templated":true}]}}