{"id":558,"date":"2020-05-27T08:28:33","date_gmt":"2020-05-27T07:28:33","guid":{"rendered":"https:\/\/evaramon.cat\/asesoria-laboral-en-lleida\/"},"modified":"2020-09-30T09:57:04","modified_gmt":"2020-09-30T08:57:04","slug":"assessoria-laboral-a-lleida","status":"publish","type":"page","link":"https:\/\/evaramon.cat\/ca\/assessoria-laboral-a-lleida\/","title":{"rendered":"Assessoria laboral a Lleida"},"content":{"rendered":"<div class=\"wpb-content-wrapper\"><p>[vc_row css_animation=&#8221;&#8221; row_type=&#8221;row&#8221; use_row_as_full_screen_section=&#8221;no&#8221; type=&#8221;grid&#8221; angled_section=&#8221;no&#8221; text_align=&#8221;left&#8221; background_image_as_pattern=&#8221;without_pattern&#8221; el_class=&#8221;paddingsecciones&#8221; z_index=&#8221;&#8221;][vc_column][vc_column_text]<\/p>\n<div class=\"introservicios\">\n<p>El nostre equip t\u00e9 una traject\u00f2ria professional de <strong>m\u00e9s de 30 anys<\/strong> en l&#8217;assessorament empresarial, havent-se especialitzat en <a href=\"https:\/\/evaramon.cat\/ca\/assessoria-legal-a-lleida\/\">dret laboral.<\/a><\/p>\n<p>&nbsp;<\/p>\n<p>La nostra filosofia professional \u00e9s acompanyar als nostres clients en la gesti\u00f3 administrativa de les seves empreses en l&#8217;\u00e0mbit laboral. Ens esforcem a con\u00e8ixer-los per poder oferir el que cadasc\u00fa necessita amb un objectiu clar: <strong>complir tots els requisits legals i normatives vigents<\/strong> en cada moment en mat\u00e8ria laboral.<\/p>\n<p>&nbsp;<\/p>\n<p>En el <a href=\"https:\/\/evaramon.cat\/ca\/abogada-lleida\/\">nostre despatx<\/a> treballem per als nostres clients, en el seu dia a dia, ajudant-los a cr\u00e9ixer i a millorar en la gesti\u00f3 de les seves relacions laborals.<\/p>\n<p>&nbsp;<\/p>\n<p><strong>La nostra atenci\u00f3 \u00e9s personalitzada<\/strong>\u00a0i no est\u00e0 basada en la dimensi\u00f3 de les empreses, sin\u00f3 en les necessitats que puguin tenir cadascuna d&#8217;elles. Tenim una \u00e0mplia experi\u00e8ncia en multitud de sectors empresarials.<\/p>\n<p>&nbsp;<\/p>\n<p>La seva confian\u00e7a \u00e9s la nostra premissa, <strong>l&#8217;honestedat \u00e9s el segell del nostre assessorament<\/strong>, \u00e9s la base de la nostra relaci\u00f3 professional.<\/p>\n<\/div>\n<p>[\/vc_column_text][\/vc_column][\/vc_row][vc_row css_animation=&#8221;&#8221; row_type=&#8221;row&#8221; use_row_as_full_screen_section=&#8221;no&#8221; type=&#8221;grid&#8221; angled_section=&#8221;no&#8221; text_align=&#8221;left&#8221; background_image_as_pattern=&#8221;without_pattern&#8221; z_index=&#8221;&#8221; el_class=&#8221;pbottomsecciones&#8221;][vc_column width=&#8221;1\/2&#8243; css=&#8221;.vc_custom_1590598222677{border-right-width: 1px !important;border-right-color: #f8f3e9 !important;border-right-style: solid !important;}&#8221;][vc_column_text]<\/p>\n<h3 class=\"tiposdeasesorias\">\u00a0Assessoria laboral per a<br \/>\n{ <span class=\"subline\">aut\u00f2noms<\/span> }<\/h3>\n<div class=\"espacio30\"><\/div>\n<p class=\"textotiposdeasesoria\">A Eva Ramon oferim <strong> tarifes adaptades a aut\u00f2noms i emprenedors <\/strong> de la ciutat de Lleida, perqu\u00e8 puguin dedicar la seva jornada laboral 100% al seu treball<\/p>\n<p>[\/vc_column_text][\/vc_column][vc_column width=&#8221;1\/2&#8243; css=&#8221;.vc_custom_1590598240771{border-right-width: 1px !important;border-right-color: #f8f3e9 !important;border-right-style: solid !important;}&#8221;][vc_column_text]<\/p>\n<h3 class=\"tiposdeasesorias\">Assessoria laboral per a<br \/>\n{ <span class=\"subline\">pimes<\/span>}<\/h3>\n<div class=\"espacio30\"><\/div>\n<p class=\"textotiposdeasesoria\">Perqu\u00e8 les <strong>pimes s\u00f3n el motor de l&#8217;economia, volem estar al seu costa<\/strong>t. \u00c9s per aix\u00f2 que durant tots aquests anys ens hem <strong>especialitzat en la teva gesti\u00f3 del dia a dia<\/strong>.<\/p>\n<p>[\/vc_column_text][\/vc_column][\/vc_row][vc_row css_animation=&#8221;&#8221; row_type=&#8221;row&#8221; use_row_as_full_screen_section=&#8221;no&#8221; type=&#8221;grid&#8221; angled_section=&#8221;no&#8221; text_align=&#8221;left&#8221; background_image_as_pattern=&#8221;without_pattern&#8221; z_index=&#8221;&#8221;][vc_column][qode_elements_holder number_of_columns=&#8221;two_columns&#8221;][qode_elements_holder_item advanced_animations=&#8221;no&#8221;][vc_raw_html]JTNDZGl2JTIwY2xhc3MlM0QlMjJjdWFkcm9pbnRyb3NlcnZpY2lvJTIyJTNFJTBBJTNDaDMlM0VFc3BlY2lhbGlzdGVzJTIwZW4lMjBhc3Nlc3NvcmFtZW50JTIwbGFib3JhbCUyMGElMjBQaW1lcyUyMGklMjBhdXQlQzMlQjJub21zJTNDJTJGaDMlM0UlMEElM0NkaXYlMjBjbGFzcyUzRCUyMmVzcGFjaW82MCUyMiUzRSUzQyUyRmRpdiUzRSUwQSUzQ3AlM0VFbiUyMEV2YSUyMFJhbW9uJTIwJTNDaSUzRSUyMERlc3BhdHglMjBMYWJvcmFsaXN0YSUyMCUzQyUyRmklM0UlMkMlMjB0cmViYWxsZW0lMjBhbWIlMjBlbHMlMjBub3N0cmVzJTIwY2xpZW50cyUyMGVuJTIwZWwlMjBzZXUlMjBkaWElMjBhJTIwZGlhJTJDJTIwb2ZlcmludCUyMHNvbHVjaW9ucyUyMGQlMjdhc3Nlc3NvcmlhJTIwbGFib3JhbCUyQyUyMHF1ZSUyMGZhY2lsaXRhcmFuJTIwbGElMjBnZXN0aSVDMyVCMyUyMGRlJTIwbGElMjB0ZXZhJTIwZW1wcmVzYS4lM0MlMkZwJTNFJTBBJTNDZGl2JTIwY2xhc3MlM0QlMjJlc3BhY2lvNjAlMjIlM0UlM0MlMkZkaXYlM0UlMEElM0NhJTIwY2xhc3MlM0QlMjJib3RvbmJvcmRlYXp1bCUyMiUyMGhyZWYlM0QlMjJodHRwcyUzQSUyRnd3dy5ldmFyYW1vbi5jYXQlMkZjb250YWN0byUyMiUzRUNvbnRhY3RhciUyMGFyYSUzQyUyRmElM0UlMEElM0MlMkZkaXYlM0U=[\/vc_raw_html][\/qode_elements_holder_item][qode_elements_holder_item cover=&#8221;yes&#8221; advanced_animations=&#8221;no&#8221; background_image=&#8221;127&#8243;][\/qode_elements_holder_item][\/qode_elements_holder][\/vc_column][\/vc_row][vc_row css_animation=&#8221;&#8221; row_type=&#8221;row&#8221; use_row_as_full_screen_section=&#8221;no&#8221; type=&#8221;grid&#8221; angled_section=&#8221;no&#8221; text_align=&#8221;left&#8221; background_image_as_pattern=&#8221;without_pattern&#8221; el_class=&#8221;paddingsecciones&#8221; z_index=&#8221;&#8221;][vc_column el_class=&#8221;bordecontenido&#8221;][vc_column_text]<\/p>\n<h2 class=\"center azulmarino\">Qu\u00e8 podem fer per la teva empresa en mat\u00e8ria laboral?<\/h2>\n<div class=\"espacio60\"><\/div>\n<p>[\/vc_column_text][vc_row_inner row_type=&#8221;row&#8221; type=&#8221;full_width&#8221; text_align=&#8221;left&#8221; css_animation=&#8221;&#8221;][vc_column_inner width=&#8221;1\/2&#8243;][vc_column_text el_class=&#8221;justify&#8221;]<\/p>\n<div class=\"listaservicios\">\n<ul>\n<li>Altes, baixes i modificacions a la seguretat social.<\/li>\n<li>Confecci\u00f3 de contractes de treball i pr\u00f2rrogues.<\/li>\n<li>Confecci\u00f3 de tota la documentaci\u00f3 que necessita el treballador per a la tramitaci\u00f3 de prestacions.<\/li>\n<li>Confecci\u00f3 de n\u00f2mines, control de jornada i hores extraordin\u00e0ries.<\/li>\n<li>Tramitaci\u00f3 a trav\u00e9s de SILTRA de les quotes de cotitzaci\u00f3.<\/li>\n<li>Liquidaci\u00f3 de retencions per IRPF a l&#8217;Ag\u00e8ncia Tribut\u00e0ria.<\/li>\n<li>Gesti\u00f3 d&#8217;expedients sancionadors.<\/li>\n<li>Gesti\u00f3 d&#8217;acomiadaments disciplinaris i objectius, si vost\u00e8 ho necessita nosaltres ho podem comunicar personalment al treballador.<\/li>\n<\/ul>\n<\/div>\n<p>[\/vc_column_text][\/vc_column_inner][vc_column_inner width=&#8221;1\/2&#8243;][vc_column_text el_class=&#8221;justify&#8221;]<\/p>\n<div class=\"listaservicios\">\n<ul>\n<li>Modificacions substancials de condicions de treball<\/li>\n<li>Gesti\u00f3 de tot tipus d&#8217;acomiadaments.<\/li>\n<li>Estudi i tramitaci\u00f3 de mesures de flexibilitat interna a l&#8217;empresa.<\/li>\n<li>Estudi i tramitaci\u00f3 d&#8217;Expedients de Regulaci\u00f3 d&#8217;Ocupaci\u00f3.<\/li>\n<li>Assist\u00e8ncia davant la Inspecci\u00f3 de Treball i la Seguretat Social.<\/li>\n<li>Gesti\u00f3 de reclamacions pr\u00e8vies.<\/li>\n<li>Planificaci\u00f3 i prevenci\u00f3 de riscos laborals.<\/li>\n<li>Tramitaci\u00f3 integral del r\u00e8gim agrari.<\/li>\n<\/ul>\n<\/div>\n<p>[\/vc_column_text][\/vc_column_inner][\/vc_row_inner][\/vc_column][\/vc_row][vc_row css_animation=&#8221;&#8221; row_type=&#8221;row&#8221; use_row_as_full_screen_section=&#8221;no&#8221; type=&#8221;grid&#8221; angled_section=&#8221;no&#8221; text_align=&#8221;left&#8221; background_image_as_pattern=&#8221;without_pattern&#8221; z_index=&#8221;&#8221; el_class=&#8221;pbottomsecciones&#8221;][vc_column][qode_elements_holder number_of_columns=&#8221;two_columns&#8221;][qode_elements_holder_item cover=&#8221;yes&#8221; advanced_animations=&#8221;no&#8221; background_image=&#8221;182&#8243;][\/qode_elements_holder_item][qode_elements_holder_item advanced_animations=&#8221;no&#8221;][vc_raw_html]JTNDZGl2JTIwY2xhc3MlM0QlMjJjdWFkcm9pbnRyb3NlcnZpY2lvJTIyJTNFJTBBJTNDaDMlM0VUcmViYWxsZXMlMjBlbiUyMHVuYSUyMGVtcHJlc2ElMjBpJTIwbmVjZXNzaXRlcyUyMGFzc2Vzc29yYW1lbnQlMjBsZWdhbCUzRiUzQyUyRmgzJTNFJTBBJTNDZGl2JTIwY2xhc3MlM0QlMjJlc3BhY2lvNjAlMjIlM0UlM0MlMkZkaXYlM0UlMEElM0NwJTNFU2klMjBuZWNlc3NpdGVzJTIwYXNzZXNzb3JhbWVudCUyMGxhYm9yYWwlMjBkYXZhbnQlMjB1biUyMGFjb21pYWRhbWVudCUyQyUyMGNhbnZpJTIwZW4lMjBsYSUyMHRldmElMjBqb3JuYWRhJTIwbGFib3JhbCUyMG8lMjBxdWFsc2V2b2wlMjBhbHRyZSUyMHRlbWElMjByZWxhY2lvbmF0JTIwYW1iJTIwbGElMjB0ZXZhJTIwZmVpbmElMkMlMjAlM0NzdHJvbmclM0UlMjAlMjdldCUyMHBvZGVtJTIwYWp1ZGFyJTIxJTIwJTNDJTJGJTIwU3Ryb25nJTNFJTNDJTJGcCUzRSUwQSUzQ2RpdiUyMGNsYXNzJTNEJTIyZXNwYWNpbzYwJTIyJTNFJTNDJTJGZGl2JTNFJTBBJTNDYSUyMGNsYXNzJTNEJTIyYm90b25ib3JkZWF6dWwlMjIlMjBocmVmJTNEJTIyaHR0cHMlM0ElMkZ3d3cuZXZhcmFtb24uY2F0JTJGY29udGFjdG8lMjIlM0VDb250YWN0YXIlMjBhcmElM0MlMkZhJTNFJTBBJTNDJTJGZGl2JTNF[\/vc_raw_html][\/qode_elements_holder_item][\/qode_elements_holder][\/vc_column][\/vc_row][vc_row css_animation=&#8221;&#8221; row_type=&#8221;row&#8221; use_row_as_full_screen_section=&#8221;no&#8221; type=&#8221;grid&#8221; angled_section=&#8221;no&#8221; text_align=&#8221;left&#8221; background_image_as_pattern=&#8221;without_pattern&#8221; z_index=&#8221;&#8221; background_color=&#8221;#f8f3e9&#8243;][vc_column][vc_raw_html]JTNDZGl2JTIwY2xhc3MlM0QlMjJjdGFzZXJ2aWNpb3MlMjIlM0UlMEElM0NoMyUzRUVzdCVDMyVBMHMlMjBwZW5zYW50JTIwZW4lMjBjb250cmFjdGFyJTIwbyUyMGNhbnZpYXIlMjBkJTI3YXNzZXNzb3JpYSUyMGElMjBMbGVpZGElM0YlM0MlMkZoMyUzRSUwQSUzQ2RpdiUyMGNsYXNzJTNEJTIyZXNwYWNpbzYwJTIyJTNFJTNDJTJGZGl2JTNFJTBBJTNDaDQlM0VEZXNjb2JyZWl4JTIwZWxzJTIwbm9zdHJlcyUyMHNlcnZlaXMlMjBkZSUyMGdlc3RpJUMzJUIzJTIwaSUyMGFzc2Vzc29yaWElMjBsYWJvcmFsJTIwcGVyJTIwYSUyMHBpbWVzJTIwaSUyMGF1dCVDMyVCMm5vbXMuJTNDJTJGaDQlM0UlMEElM0NkaXYlMjBjbGFzcyUzRCUyMmVzcGFjaW82MCUyMiUzRSUzQyUyRmRpdiUzRSUwQSUzQ2ElMjBjbGFzcyUzRCUyMmJvdG9uY3RhJTIyJTIwaHJlZiUzRCUyMm1haWx0byUzQWxhYm9yYWwlNDBldmFyYW1vbi5jYXQlMjIlM0VDb25jZXJ0YXIlMjB2aXNpdGElM0MlMkZhJTNFJTIwJTNDYSUyMGNsYXNzJTNEJTIyYm90b25jdGElMjIlMjBocmVmJTNEJTIydGVsJTNBOTczMjM3NDkzJTIyJTNFVHJ1Y2FyJTIwYXJhJTNDJTJGYSUzRSUwQSUzQyUyRmRpdiUzRQ==[\/vc_raw_html][\/vc_column][\/vc_row]<\/p>\n<\/div>","protected":false},"excerpt":{"rendered":"<p>[vc_row css_animation=&#8221;&#8221; row_type=&#8221;row&#8221; use_row_as_full_screen_section=&#8221;no&#8221; type=&#8221;grid&#8221; angled_section=&#8221;no&#8221; text_align=&#8221;left&#8221; background_image_as_pattern=&#8221;without_pattern&#8221; el_class=&#8221;paddingsecciones&#8221; z_index=&#8221;&#8221;][vc_column][vc_column_text] El nostre equip t\u00e9 una traject\u00f2ria professional de m\u00e9s de 30 anys en l&#8217;assessorament empresarial, havent-se especialitzat en dret laboral. &nbsp; La nostra filosofia professional \u00e9s acompanyar als nostres clients en la gesti\u00f3 administrativa de&#8230;<\/p>\n","protected":false},"author":1,"featured_media":0,"parent":0,"menu_order":0,"comment_status":"closed","ping_status":"closed","template":"full_width.php","meta":{"footnotes":""},"class_list":["post-558","page","type-page","status-publish","hentry"],"yoast_head":"<!-- This site is optimized with the Yoast SEO plugin v23.4 - https:\/\/yoast.com\/wordpress\/plugins\/seo\/ -->\n<title>Asesor\u00eda laboral en Lleida | Eva Ramon | Telf: 973 23 74 93<\/title>\n<meta name=\"description\" content=\"Eva Ramon somos una asesor\u00eda laboral en Lleida con m\u00e1s de 30 a\u00f1os de experiencia en el sector laboral. \u00a1Contacta con nosotros!\" \/>\n<meta name=\"robots\" content=\"index, follow, max-snippet:-1, max-image-preview:large, max-video-preview:-1\" \/>\n<link rel=\"canonical\" href=\"https:\/\/evaramon.cat\/ca\/assessoria-laboral-a-lleida\/\" \/>\n<meta property=\"og:locale\" content=\"ca_ES\" \/>\n<meta property=\"og:type\" content=\"article\" \/>\n<meta property=\"og:title\" content=\"Asesor\u00eda laboral en Lleida | Eva Ramon | Telf: 973 23 74 93\" \/>\n<meta property=\"og:description\" content=\"Eva Ramon somos una asesor\u00eda laboral en Lleida con m\u00e1s de 30 a\u00f1os de experiencia en el sector laboral. \u00a1Contacta con nosotros!\" \/>\n<meta property=\"og:url\" content=\"https:\/\/evaramon.cat\/ca\/assessoria-laboral-a-lleida\/\" \/>\n<meta property=\"og:site_name\" content=\"Eva Ramon { Asesor\u00eda en Lleida\" \/>\n<meta property=\"article:modified_time\" content=\"2020-09-30T08:57:04+00:00\" \/>\n<meta name=\"twitter:card\" content=\"summary_large_image\" \/>\n<meta name=\"twitter:label1\" content=\"Temps estimat de lectura\" \/>\n\t<meta name=\"twitter:data1\" content=\"5 minuts\" \/>\n<script type=\"application\/ld+json\" class=\"yoast-schema-graph\">{\"@context\":\"https:\/\/schema.org\",\"@graph\":[{\"@type\":\"WebPage\",\"@id\":\"https:\/\/evaramon.cat\/ca\/assessoria-laboral-a-lleida\/\",\"url\":\"https:\/\/evaramon.cat\/ca\/assessoria-laboral-a-lleida\/\",\"name\":\"Asesor\u00eda laboral en Lleida | Eva Ramon | Telf: 973 23 74 93\",\"isPartOf\":{\"@id\":\"https:\/\/evaramon.cat\/ca\/#website\"},\"datePublished\":\"2020-05-27T07:28:33+00:00\",\"dateModified\":\"2020-09-30T08:57:04+00:00\",\"description\":\"Eva Ramon somos una asesor\u00eda laboral en Lleida con m\u00e1s de 30 a\u00f1os de experiencia en el sector laboral. \u00a1Contacta con nosotros!\",\"breadcrumb\":{\"@id\":\"https:\/\/evaramon.cat\/ca\/assessoria-laboral-a-lleida\/#breadcrumb\"},\"inLanguage\":\"ca\",\"potentialAction\":[{\"@type\":\"ReadAction\",\"target\":[\"https:\/\/evaramon.cat\/ca\/assessoria-laboral-a-lleida\/\"]}]},{\"@type\":\"BreadcrumbList\",\"@id\":\"https:\/\/evaramon.cat\/ca\/assessoria-laboral-a-lleida\/#breadcrumb\",\"itemListElement\":[{\"@type\":\"ListItem\",\"position\":1,\"name\":\"Portada\",\"item\":\"https:\/\/evaramon.cat\/ca\/\"},{\"@type\":\"ListItem\",\"position\":2,\"name\":\"Assessoria laboral a Lleida\"}]},{\"@type\":\"WebSite\",\"@id\":\"https:\/\/evaramon.cat\/ca\/#website\",\"url\":\"https:\/\/evaramon.cat\/ca\/\",\"name\":\"Eva Ramon { Asesor\u00eda en Lleida\",\"description\":\"Eva Ramon somos una asesor\u00eda laboral en Lleida. Ofrecemos servicios de asesor\u00eda legal y laboral para pymes, aut\u00f3nomos y trabajadores.\",\"potentialAction\":[{\"@type\":\"SearchAction\",\"target\":{\"@type\":\"EntryPoint\",\"urlTemplate\":\"https:\/\/evaramon.cat\/ca\/?s={search_term_string}\"},\"query-input\":{\"@type\":\"PropertyValueSpecification\",\"valueRequired\":true,\"valueName\":\"search_term_string\"}}],\"inLanguage\":\"ca\"}]}<\/script>\n<!-- \/ Yoast SEO plugin. -->","yoast_head_json":{"title":"Asesor\u00eda laboral en Lleida | Eva Ramon | Telf: 973 23 74 93","description":"Eva Ramon somos una asesor\u00eda laboral en Lleida con m\u00e1s de 30 a\u00f1os de experiencia en el sector laboral. \u00a1Contacta con nosotros!","robots":{"index":"index","follow":"follow","max-snippet":"max-snippet:-1","max-image-preview":"max-image-preview:large","max-video-preview":"max-video-preview:-1"},"canonical":"https:\/\/evaramon.cat\/ca\/assessoria-laboral-a-lleida\/","og_locale":"ca_ES","og_type":"article","og_title":"Asesor\u00eda laboral en Lleida | Eva Ramon | Telf: 973 23 74 93","og_description":"Eva Ramon somos una asesor\u00eda laboral en Lleida con m\u00e1s de 30 a\u00f1os de experiencia en el sector laboral. \u00a1Contacta con nosotros!","og_url":"https:\/\/evaramon.cat\/ca\/assessoria-laboral-a-lleida\/","og_site_name":"Eva Ramon { Asesor\u00eda en Lleida","article_modified_time":"2020-09-30T08:57:04+00:00","twitter_card":"summary_large_image","twitter_misc":{"Temps estimat de lectura":"5 minuts"},"schema":{"@context":"https:\/\/schema.org","@graph":[{"@type":"WebPage","@id":"https:\/\/evaramon.cat\/ca\/assessoria-laboral-a-lleida\/","url":"https:\/\/evaramon.cat\/ca\/assessoria-laboral-a-lleida\/","name":"Asesor\u00eda laboral en Lleida | Eva Ramon | Telf: 973 23 74 93","isPartOf":{"@id":"https:\/\/evaramon.cat\/ca\/#website"},"datePublished":"2020-05-27T07:28:33+00:00","dateModified":"2020-09-30T08:57:04+00:00","description":"Eva Ramon somos una asesor\u00eda laboral en Lleida con m\u00e1s de 30 a\u00f1os de experiencia en el sector laboral. \u00a1Contacta con nosotros!","breadcrumb":{"@id":"https:\/\/evaramon.cat\/ca\/assessoria-laboral-a-lleida\/#breadcrumb"},"inLanguage":"ca","potentialAction":[{"@type":"ReadAction","target":["https:\/\/evaramon.cat\/ca\/assessoria-laboral-a-lleida\/"]}]},{"@type":"BreadcrumbList","@id":"https:\/\/evaramon.cat\/ca\/assessoria-laboral-a-lleida\/#breadcrumb","itemListElement":[{"@type":"ListItem","position":1,"name":"Portada","item":"https:\/\/evaramon.cat\/ca\/"},{"@type":"ListItem","position":2,"name":"Assessoria laboral a Lleida"}]},{"@type":"WebSite","@id":"https:\/\/evaramon.cat\/ca\/#website","url":"https:\/\/evaramon.cat\/ca\/","name":"Eva Ramon { Asesor\u00eda en Lleida","description":"Eva Ramon somos una asesor\u00eda laboral en Lleida. Ofrecemos servicios de asesor\u00eda legal y laboral para pymes, aut\u00f3nomos y trabajadores.","potentialAction":[{"@type":"SearchAction","target":{"@type":"EntryPoint","urlTemplate":"https:\/\/evaramon.cat\/ca\/?s={search_term_string}"},"query-input":{"@type":"PropertyValueSpecification","valueRequired":true,"valueName":"search_term_string"}}],"inLanguage":"ca"}]}},"_links":{"self":[{"href":"https:\/\/evaramon.cat\/ca\/wp-json\/wp\/v2\/pages\/558"}],"collection":[{"href":"https:\/\/evaramon.cat\/ca\/wp-json\/wp\/v2\/pages"}],"about":[{"href":"https:\/\/evaramon.cat\/ca\/wp-json\/wp\/v2\/types\/page"}],"author":[{"embeddable":true,"href":"https:\/\/evaramon.cat\/ca\/wp-json\/wp\/v2\/users\/1"}],"replies":[{"embeddable":true,"href":"https:\/\/evaramon.cat\/ca\/wp-json\/wp\/v2\/comments?post=558"}],"version-history":[{"count":14,"href":"https:\/\/evaramon.cat\/ca\/wp-json\/wp\/v2\/pages\/558\/revisions"}],"predecessor-version":[{"id":617,"href":"https:\/\/evaramon.cat\/ca\/wp-json\/wp\/v2\/pages\/558\/revisions\/617"}],"wp:attachment":[{"href":"https:\/\/evaramon.cat\/ca\/wp-json\/wp\/v2\/media?parent=558"}],"curies":[{"name":"wp","href":"https:\/\/api.w.org\/{rel}","templated":true}]}}